{"id":936,"date":"2020-08-07T22:35:35","date_gmt":"2020-08-08T03:35:35","guid":{"rendered":"https:\/\/www.admx.mx\/fabricaweb\/?page_id=936"},"modified":"2021-07-03T17:49:04","modified_gmt":"2021-07-03T22:49:04","slug":"boletin","status":"publish","type":"page","link":"https:\/\/www.admx.mx\/?page_id=936","title":{"rendered":"Bolet\u00edn"},"content":{"rendered":"<p>[et_pb_section fb_built=\u00bb1&#8243; make_equal=\u00bbon\u00bb use_custom_gutter=\u00bbon\u00bb gutter_width=\u00bb1&#8243; specialty=\u00bbon\u00bb padding_top_1=\u00bb140px\u00bb padding_top_2=\u00bb0px\u00bb padding_left_1=\u00bb10%\u00bb admin_label=\u00bbFeature Section\u00bb module_class=\u00bb et_pb_specialty_fullwidth\u00bb _builder_version=\u00bb3.22&#8243; background_color=\u00bb#f7f7f7&#8243; inner_width=\u00bb100%\u00bb inner_width_tablet=\u00bb100%\u00bb inner_width_phone=\u00bb\u00bb inner_width_last_edited=\u00bbon|desktop\u00bb inner_max_width=\u00bb100%\u00bb inner_max_width_tablet=\u00bb100%\u00bb inner_max_width_phone=\u00bb\u00bb inner_max_width_last_edited=\u00bbon|desktop\u00bb custom_margin=\u00bb|||\u00bb custom_padding=\u00bb0px|||\u00bb box_shadow_style=\u00bbpreset7&#8243; box_shadow_horizontal=\u00bb0px\u00bb box_shadow_vertical=\u00bb100px\u00bb box_shadow_color=\u00bb#ffffff\u00bb make_fullwidth=\u00bbon\u00bb][et_pb_column type=\u00bb1_2&#8243; specialty_columns=\u00bb2&#8243; _builder_version=\u00bb3.25&#8243; custom_padding=\u00bb|||\u00bb padding_left__hover=\u00bb10%\u00bb padding_top__hover=\u00bb140px\u00bb parallax__hover=\u00bboff\u00bb parallax_method__hover=\u00bbon\u00bb custom_padding__hover=\u00bb|||\u00bb][et_pb_row_inner use_custom_gutter=\u00bbon\u00bb make_equal=\u00bbon\u00bb admin_label=\u00bbFeature Titile\u00bb _builder_version=\u00bb3.25&#8243; max_width=\u00bb75%\u00bb custom_margin=\u00bb|||\u00bb custom_padding=\u00bb||10px|\u00bb][et_pb_column_inner saved_specialty_column_type=\u00bb1_2&#8243; _builder_version=\u00bb3.25&#8243; custom_padding=\u00bb|||\u00bb parallax__hover=\u00bboff\u00bb parallax_method__hover=\u00bbon\u00bb custom_padding__hover=\u00bb|||\u00bb][et_pb_text content_tablet=\u00bb\u00bb content_phone=\u00bb<\/p>\n<h1><strong>BOLETINES<\/strong><\/h1>\n<p>\u00bb content_last_edited=\u00bbon|phone\u00bb admin_label=\u00bbTitle\u00bb _builder_version=\u00bb4.4.0&#8243; text_font=\u00bbMontserrat||||||||\u00bb text_text_color=\u00bb#747d88&#8243; text_font_size=\u00bb16px\u00bb text_line_height=\u00bb1.9em\u00bb header_font=\u00bb||||||||\u00bb header_text_align=\u00bbleft\u00bb header_2_font=\u00bbMontserrat|700||on|||||\u00bb header_2_font_size=\u00bb42px\u00bb header_2_line_height=\u00bb1.3em\u00bb max_width=\u00bb700px\u00bb module_alignment=\u00bbleft\u00bb animation_style=\u00bbslide\u00bb animation_direction=\u00bbbottom\u00bb animation_intensity_slide=\u00bb4%\u00bb locked=\u00bboff\u00bb]<\/p>\n<h2>BOLETINES<\/h2>\n<p>[\/et_pb_text][et_pb_text admin_label=\u00bbSubtitle\u00bb _builder_version=\u00bb3.27.4&#8243; text_font=\u00bbMontserrat||||\u00bb text_text_color=\u00bb#747d88&#8243; text_font_size=\u00bb16px\u00bb text_line_height=\u00bb1.8em\u00bb header_font=\u00bb||||||||\u00bb max_width=\u00bb700px\u00bb module_alignment=\u00bbleft\u00bb custom_margin=\u00bb|||\u00bb custom_padding=\u00bb||20px|\u00bb animation_style=\u00bbslide\u00bb animation_direction=\u00bbbottom\u00bb animation_delay=\u00bb100ms\u00bb animation_intensity_slide=\u00bb4%\u00bb locked=\u00bboff\u00bb]<\/p>\n<p><span>Revisa informaci\u00f3n actualizada sobre seguridad en el Set as\u00ed como tambi\u00e9n reportes semanales sobre las acciones de la sociedad.<br \/><\/span><\/p>\n<p>[\/et_pb_text][\/et_pb_column_inner][\/et_pb_row_inner][et_pb_row_inner column_structure=\u00bb1_2,1_2&#8243; use_custom_gutter=\u00bbon\u00bb make_equal=\u00bbon\u00bb admin_label=\u00bbFeatures\u00bb _builder_version=\u00bb3.25&#8243; max_width=\u00bb75%\u00bb custom_margin=\u00bb|||\u00bb custom_padding=\u00bb|||\u00bb][et_pb_column_inner type=\u00bb1_2&#8243; saved_specialty_column_type=\u00bb1_2&#8243; _builder_version=\u00bb3.25&#8243; custom_padding=\u00bb|||\u00bb parallax__hover=\u00bboff\u00bb parallax_method__hover=\u00bbon\u00bb custom_padding__hover=\u00bb|||\u00bb][et_pb_blurb title=\u00bbBOLETINES MENSUALES\u00bb url=\u00bb@ET-DC@eyJkeW5hbWljIjp0cnVlLCJjb250ZW50IjoicG9zdF9saW5rX3VybF9wYWdlIiwic2V0dGluZ3MiOnsicG9zdF9pZCI6IjU1OSJ9fQ==@\u00bb use_icon=\u00bbon\u00bb font_icon=\u00bb%%65%%\u00bb icon_color=\u00bb#fcd21d\u00bb use_icon_font_size=\u00bbon\u00bb icon_font_size=\u00bb48px\u00bb _builder_version=\u00bb4.4.0&#8243; _dynamic_attributes=\u00bburl\u00bb header_font=\u00bbMontserrat|on|||\u00bb header_text_color=\u00bb#353740&#8243; header_font_size=\u00bb22px\u00bb header_line_height=\u00bb1.4em\u00bb body_font=\u00bbMontserrat||||\u00bb body_text_color=\u00bb#747d88&#8243; body_font_size=\u00bb16px\u00bb body_line_height=\u00bb1.8em\u00bb text_orientation=\u00bbcenter\u00bb animation_style=\u00bbfade\u00bb animation_direction=\u00bbbottom\u00bb hover_enabled=\u00bb0&#8243;][\/et_pb_blurb][\/et_pb_column_inner][et_pb_column_inner type=\u00bb1_2&#8243; saved_specialty_column_type=\u00bb1_2&#8243; _builder_version=\u00bb3.25&#8243; custom_padding=\u00bb|||\u00bb parallax__hover=\u00bboff\u00bb parallax_method__hover=\u00bbon\u00bb custom_padding__hover=\u00bb|||\u00bb][et_pb_blurb title=\u00bbBOLETINES DE SEGURIDAD\u00bb url=\u00bbhttps:\/\/www.admx.mx\/fabricaweb\/2020\/01\/22\/hola-mundo\/\u00bb use_icon=\u00bbon\u00bb font_icon=\u00bb%%65%%\u00bb icon_color=\u00bb#fcd21d\u00bb use_icon_font_size=\u00bbon\u00bb icon_font_size=\u00bb48px\u00bb _builder_version=\u00bb4.4.0&#8243; header_font=\u00bbMontserrat|on|||\u00bb header_text_color=\u00bb#353740&#8243; header_font_size=\u00bb22px\u00bb header_line_height=\u00bb1.4em\u00bb body_font=\u00bbMontserrat||||\u00bb body_text_color=\u00bb#747d88&#8243; body_font_size=\u00bb16px\u00bb body_line_height=\u00bb1.8em\u00bb text_orientation=\u00bbcenter\u00bb animation_style=\u00bbfade\u00bb animation_direction=\u00bbbottom\u00bb link_option_url=\u00bbhttps:\/\/www.admx.mx\/fabricaweb\/2020\/01\/22\/hola-mundo\/\u00bb][\/et_pb_blurb][\/et_pb_column_inner][\/et_pb_row_inner][\/et_pb_column][et_pb_column type=\u00bb1_2&#8243; _builder_version=\u00bb3.25&#8243; custom_padding=\u00bb|||\u00bb padding_top__hover=\u00bb0px\u00bb parallax__hover=\u00bboff\u00bb parallax_method__hover=\u00bbon\u00bb custom_padding__hover=\u00bb|||\u00bb][et_pb_image src=\u00bbhttps:\/\/www.admx.mx\/fabricaweb\/wp-content\/uploads\/2020\/07\/videographer-in-studio-3379932-scaled-e1595536806892.jpg\u00bb force_fullwidth=\u00bbon\u00bb align_tablet=\u00bbcenter\u00bb align_phone=\u00bb\u00bb align_last_edited=\u00bbon|desktop\u00bb _builder_version=\u00bb4.4.0&#8243; custom_margin=\u00bb|||\u00bb custom_padding=\u00bb|||\u00bb animation_style=\u00bbslide\u00bb animation_direction=\u00bbbottom\u00bb animation_intensity_slide=\u00bb6%\u00bb animation_starting_opacity=\u00bb100%\u00bb][\/et_pb_image][\/et_pb_column][\/et_pb_section]<\/p>\n","protected":false},"excerpt":{"rendered":"<p>BOLETINESRevisa informaci\u00f3n actualizada sobre seguridad en el Set as\u00ed como tambi\u00e9n reportes semanales sobre las acciones de la sociedad.<\/p>\n","protected":false},"author":4,"featured_media":0,"parent":0,"menu_order":0,"comment_status":"closed","ping_status":"closed","template":"","meta":{"_et_pb_use_builder":"on","_et_pb_old_content":"","_et_gb_content_width":"","footnotes":""},"class_list":["post-936","page","type-page","status-publish","hentry"],"_links":{"self":[{"href":"https:\/\/www.admx.mx\/index.php?rest_route=\/wp\/v2\/pages\/936","targetHints":{"allow":["GET"]}}],"collection":[{"href":"https:\/\/www.admx.mx\/index.php?rest_route=\/wp\/v2\/pages"}],"about":[{"href":"https:\/\/www.admx.mx\/index.php?rest_route=\/wp\/v2\/types\/page"}],"author":[{"embeddable":true,"href":"https:\/\/www.admx.mx\/index.php?rest_route=\/wp\/v2\/users\/4"}],"replies":[{"embeddable":true,"href":"https:\/\/www.admx.mx\/index.php?rest_route=%2Fwp%2Fv2%2Fcomments&post=936"}],"version-history":[{"count":10,"href":"https:\/\/www.admx.mx\/index.php?rest_route=\/wp\/v2\/pages\/936\/revisions"}],"predecessor-version":[{"id":2537,"href":"https:\/\/www.admx.mx\/index.php?rest_route=\/wp\/v2\/pages\/936\/revisions\/2537"}],"wp:attachment":[{"href":"https:\/\/www.admx.mx\/index.php?rest_route=%2Fwp%2Fv2%2Fmedia&parent=936"}],"curies":[{"name":"wp","href":"https:\/\/api.w.org\/{rel}","templated":true}]}}