{"id":349,"date":"2020-07-08T20:37:39","date_gmt":"2020-07-09T01:37:39","guid":{"rendered":"https:\/\/www.admx.mx\/fabricaweb\/?page_id=349"},"modified":"2020-08-20T18:58:32","modified_gmt":"2020-08-20T23:58:32","slug":"mesacovid-19","status":"publish","type":"page","link":"https:\/\/www.admx.mx\/?page_id=349","title":{"rendered":"Mesa Covid-19"},"content":{"rendered":"<p>[et_pb_section fb_built=\u00bb1&#8243; _builder_version=\u00bb4.4.0&#8243; background_color=\u00bb#1f232f\u00bb][et_pb_row _builder_version=\u00bb4.4.0&#8243;][et_pb_column type=\u00bb4_4&#8243; _builder_version=\u00bb4.4.0&#8243;][et_pb_text _builder_version=\u00bb4.4.0&#8243; text_font=\u00bbOswald||||||||\u00bb text_text_color=\u00bb#ffffff\u00bb text_font_size=\u00bb30px\u00bb]<\/p>\n<p>MESA COVID-19<\/p>\n<p>[\/et_pb_text][\/et_pb_column][\/et_pb_row][\/et_pb_section][et_pb_section fb_built=\u00bb1&#8243; specialty=\u00bbon\u00bb _builder_version=\u00bb4.4.0&#8243;][et_pb_column type=\u00bb2_3&#8243; specialty_columns=\u00bb2&#8243; _builder_version=\u00bb3.25&#8243; custom_padding=\u00bb|||\u00bb custom_padding__hover=\u00bb|||\u00bb][et_pb_row_inner _builder_version=\u00bb4.4.0&#8243;][et_pb_column_inner saved_specialty_column_type=\u00bb2_3&#8243; _builder_version=\u00bb4.4.0&#8243;][et_pb_text _builder_version=\u00bb4.4.0&#8243; text_font_size=\u00bb25px\u00bb text_orientation=\u00bbjustified\u00bb]<\/p>\n<p>OBJETIVOS<\/p>\n<p>[\/et_pb_text][et_pb_text _builder_version=\u00bb4.4.0&#8243; text_orientation=\u00bbjustified\u00bb]<\/p>\n<ul>\n<li>Colaborar en la creaci\u00f3n y actualizaci\u00f3n constante del Protocolo Trabajo Seguro ante Covid-19 <a href=\"https:\/\/seguridadaudiovisual.mx\/\">https:\/\/seguridadaudiovisual.mx\/<\/a><\/li>\n<li>Realizar y actualizar continuamente la Gu\u00eda T\u00e9cnica del Departamento de Direcci\u00f3n (Asistentes de Direcci\u00f3n).<\/li>\n<li>Asistir a las juntas y participar de manera activa, en la elaboraci\u00f3n del Protocolo General y las Gu\u00edas T\u00e9cnicas de cada departamento.<\/li>\n<\/ul>\n<p>[\/et_pb_text][\/et_pb_column_inner][\/et_pb_row_inner][et_pb_row_inner _builder_version=\u00bb4.4.0&#8243; background_color=\u00bb#1f232f\u00bb][et_pb_column_inner saved_specialty_column_type=\u00bb2_3&#8243; _builder_version=\u00bb4.4.0&#8243;][et_pb_text _builder_version=\u00bb4.4.0&#8243; text_text_color=\u00bb#ffffff\u00bb text_font_size=\u00bb25px\u00bb custom_margin=\u00bb|||0px|false|false\u00bb custom_padding=\u00bb|||0px|false|false\u00bb border_radii=\u00bbon|5px|5px|5px|5px\u00bb border_width_all=\u00bb30px\u00bb border_color_all=\u00bbrgba(0,0,0,0)\u00bb]<\/p>\n<p>PROYECTOS EN CURSO<\/p>\n<p>[\/et_pb_text][et_pb_text _builder_version=\u00bb4.4.0&#8243; text_text_color=\u00bb#ffffff\u00bb custom_margin=\u00bb|||0px|false|false\u00bb custom_padding=\u00bb|||0px|false|false\u00bb border_radii=\u00bbon|5px|5px|5px|5px\u00bb border_width_all=\u00bb30px\u00bb border_color_all=\u00bbrgba(0,0,0,0)\u00bb]<\/p>\n<ul>\n<li>Revisi\u00f3n y actualizaci\u00f3n continua de los documentos antes mencionados.<\/li>\n<li>Funcionar como canal de comunicaci\u00f3n para registrar malas pr\u00e1cticas del Protocolo Trabajo Seguro ante el Covid-19, con el objetivo de orientar, informar y ayudar a los dem\u00e1s compa\u00f1eros ADs.<\/li>\n<li>Llevar una bit\u00e1cora de las producciones que trabajan con ADSMEX para reportar aciertos y omisiones del protocolo, buscando la mejora del mismo.<\/li>\n<li>Compartir experiencias de rodajes para la retroalimentaci\u00f3n y conocimiento objetivo de la puesta en pr\u00e1ctica de los protocolos.<\/li>\n<li>Formaci\u00f3n de personal especializado en el protocolo para proveer a las producciones con Supervisores COVID. <a href=\"http:\/\/crewpass.com.mx\/ \">http:\/\/crewpass.com.mx\/ <\/a><\/li>\n<li>Representar a los ADSMEX dentro de dos mesas de trabajo intergremiales:\n<ul>\n<li>Comit\u00e9 de Seguridad: Formado por CANACINE, AMFI, AMC, AMPI, GLM S.C, PIMA, MESA DE TRABAJO PRODUCCI\u00d3N MX, UP (Uni\u00f3n de Productores), ANDA y ADSMEX. El objetivo del Comit\u00e9 de Seguridad es la creaci\u00f3n y validaci\u00f3n por parte de instituciones gubernamentales del contenido puesto en la p\u00e1gina <a href=\"https:\/\/seguridadaudiovisual.mx\/\">https:\/\/seguridadaudiovisual.mx\/<\/a><\/li>\n<li>Mesa de Trabajo Producci\u00f3n MX: Se trabaja con representantes de cada departamento\/gremio. El objetivo es informar a todos los departamentos sobre el protocolo, as\u00ed como la ayuda a los distintos gremios en la elaboraci\u00f3n de sus fichas t\u00e9cnicas.<\/li>\n<\/ul>\n<\/li>\n<\/ul>\n<p>[\/et_pb_text][\/et_pb_column_inner][\/et_pb_row_inner][et_pb_row_inner _builder_version=\u00bb4.4.0&#8243;][et_pb_column_inner saved_specialty_column_type=\u00bb2_3&#8243; _builder_version=\u00bb4.4.0&#8243;][et_pb_text _builder_version=\u00bb4.4.0&#8243; text_font_size=\u00bb25px\u00bb text_orientation=\u00bbjustified\u00bb]<\/p>\n<p>RESULTADOS<\/p>\n<p>[\/et_pb_text][et_pb_text _builder_version=\u00bb4.4.0&#8243; text_orientation=\u00bbjustified\u00bb]<\/p>\n<ul>\n<li>Gu\u00eda t\u00e9cnica de Asistentes de Direcci\u00f3n.<br \/>Tabla comparativa de las empresas que se dedican a la sanitizaci\u00f3n y desinfecci\u00f3n.<\/li>\n<li>Modelos de planes de rodaje apegado a protocolo COVID-19 con horarios escalonados.<\/li>\n<li>Lista de par\u00e1metros generales para todos los rodajes. <br \/>Modelos de per\u00edmetros dentro de la locaci\u00f3n y repartici\u00f3n del crew dentro de ella.<\/li>\n<li>Documentos e infograf\u00edas: Per\u00edmetros, Transporte, Ingreso a la locaci\u00f3n, Catering.<\/li>\n<li>Taller de actualizaci\u00f3n para ADs acerca de protocolo de seguridad durante COVID-19.<\/li>\n<li>Cuestionario de evaluaci\u00f3n de riesgo antes de aceptar una filmaci\u00f3n.<\/li>\n<li>Cuestionario de evaluaci\u00f3n de locaciones.<\/li>\n<\/ul>\n<p>[\/et_pb_text][\/et_pb_column_inner][\/et_pb_row_inner][\/et_pb_column][et_pb_column type=\u00bb1_3&#8243; _builder_version=\u00bb3.25&#8243; custom_padding=\u00bb|||\u00bb custom_padding__hover=\u00bb|||\u00bb][et_pb_text _builder_version=\u00bb4.4.0&#8243; text_letter_spacing=\u00bb-1px\u00bb]<\/p>\n<p><strong>Barbara Cole<br \/><\/strong><\/p>\n<p>Representante de la mesa Covid-19<\/p>\n<p>[\/et_pb_text][et_pb_blurb title=\u00bbEmail\u00bb use_icon=\u00bbon\u00bb font_icon=\u00bb%%238%%\u00bb icon_color=\u00bb#ffffff\u00bb icon_placement=\u00bbleft\u00bb content_max_width=\u00bb1100px\u00bb _builder_version=\u00bb4.4.0&#8243; header_font=\u00bb|800||on|||||\u00bb header_font_size=\u00bb16px\u00bb header_letter_spacing=\u00bb0.5px\u00bb header_line_height=\u00bb1.7em\u00bb body_font=\u00bbOpen Sans||||||||\u00bb body_line_height=\u00bb2em\u00bb background_color=\u00bb#1f232f\u00bb background_layout=\u00bbdark\u00bb custom_margin=\u00bb39px|||||\u00bb custom_padding=\u00bb|||19px||\u00bb locked=\u00bboff\u00bb]<\/p>\n<h5>comitecovid@admx.mx<\/h5>\n<p>[\/et_pb_blurb][\/et_pb_column][\/et_pb_section][et_pb_section fb_built=\u00bb1&#8243; _builder_version=\u00bb4.4.0&#8243; locked=\u00bboff\u00bb][et_pb_row column_structure=\u00bb1_3,1_3,1_3&#8243; _builder_version=\u00bb4.4.0&#8243; hover_enabled=\u00bb0&#8243;][et_pb_column type=\u00bb1_3&#8243; _builder_version=\u00bb4.4.0&#8243;][\/et_pb_column][et_pb_column type=\u00bb1_3&#8243; _builder_version=\u00bb4.4.0&#8243;][et_pb_testimonial author=\u00bbBarbara Cole\u00bb job_title=\u00bbbcole@admx.mx\u00bb portrait_url=\u00bbhttps:\/\/www.admx.mx\/fabricaweb\/wp-content\/uploads\/2020\/07\/BARBARAJANECOLE.png\u00bb quote_icon=\u00bboff\u00bb _builder_version=\u00bb4.4.0&#8243; body_font=\u00bbMontserrat||||\u00bb body_text_color=\u00bb#747d88&#8243; body_font_size=\u00bb16px\u00bb body_line_height=\u00bb1.8em\u00bb use_background_color=\u00bboff\u00bb text_orientation=\u00bbcenter\u00bb animation_style=\u00bbslide\u00bb animation_direction=\u00bbright\u00bb animation_intensity_slide=\u00bb20%\u00bb hover_enabled=\u00bb0&#8243; text_orientation_tablet=\u00bb\u00bb text_orientation_phone=\u00bbcenter\u00bb text_orientation_last_edited=\u00bbon|phone\u00bb locked=\u00bboff\u00bb][\/et_pb_testimonial][\/et_pb_column][et_pb_column type=\u00bb1_3&#8243; _builder_version=\u00bb4.4.0&#8243;][\/et_pb_column][\/et_pb_row][et_pb_row column_structure=\u00bb1_4,1_4,1_4,1_4&#8243; _builder_version=\u00bb4.4.0&#8243;][et_pb_column type=\u00bb1_4&#8243; _builder_version=\u00bb4.4.0&#8243;][et_pb_testimonial author=\u00bbBernardo Jasso\u00bb job_title=\u00bbjbjasso@admx.mx\u00bb portrait_url=\u00bbhttps:\/\/www.admx.mx\/fabricaweb\/wp-content\/uploads\/2020\/07\/Jasso.png\u00bb quote_icon=\u00bboff\u00bb _builder_version=\u00bb4.4.0&#8243; body_font=\u00bbMontserrat||||\u00bb body_text_color=\u00bb#747d88&#8243; body_font_size=\u00bb16px\u00bb body_line_height=\u00bb1.8em\u00bb use_background_color=\u00bboff\u00bb text_orientation=\u00bbcenter\u00bb animation_style=\u00bbslide\u00bb animation_direction=\u00bbright\u00bb animation_intensity_slide=\u00bb20%\u00bb text_orientation_tablet=\u00bb\u00bb text_orientation_phone=\u00bbcenter\u00bb text_orientation_last_edited=\u00bbon|phone\u00bb locked=\u00bboff\u00bb][\/et_pb_testimonial][\/et_pb_column][et_pb_column type=\u00bb1_4&#8243; _builder_version=\u00bb4.4.0&#8243;][et_pb_testimonial author=\u00bbCaro Brito\u00bb job_title=\u00bbcbrito@admx.mx\u00bb portrait_url=\u00bbhttps:\/\/www.admx.mx\/fabricaweb\/wp-content\/uploads\/2020\/08\/106-Carolina-Brito.jpg\u00bb quote_icon=\u00bboff\u00bb _builder_version=\u00bb4.4.0&#8243; body_font=\u00bbMontserrat||||\u00bb body_text_color=\u00bb#747d88&#8243; body_font_size=\u00bb16px\u00bb body_line_height=\u00bb1.8em\u00bb use_background_color=\u00bboff\u00bb text_orientation=\u00bbcenter\u00bb animation_style=\u00bbslide\u00bb animation_direction=\u00bbright\u00bb animation_intensity_slide=\u00bb20%\u00bb text_orientation_tablet=\u00bb\u00bb text_orientation_phone=\u00bbcenter\u00bb text_orientation_last_edited=\u00bbon|phone\u00bb locked=\u00bboff\u00bb][\/et_pb_testimonial][\/et_pb_column][et_pb_column type=\u00bb1_4&#8243; _builder_version=\u00bb4.4.0&#8243;][et_pb_testimonial author=\u00bbEduardo Negrete\u00bb job_title=\u00bbenegrete@admx.mx\u00bb portrait_url=\u00bbhttps:\/\/www.admx.mx\/fabricaweb\/wp-content\/uploads\/2020\/08\/027-Eduardo-NEgrete-scaled.jpg\u00bb quote_icon=\u00bboff\u00bb _builder_version=\u00bb4.4.0&#8243; body_font=\u00bbMontserrat||||\u00bb body_text_color=\u00bb#747d88&#8243; body_font_size=\u00bb16px\u00bb body_line_height=\u00bb1.8em\u00bb use_background_color=\u00bboff\u00bb text_orientation=\u00bbcenter\u00bb animation_style=\u00bbslide\u00bb animation_direction=\u00bbleft\u00bb animation_intensity_slide=\u00bb20%\u00bb text_orientation_tablet=\u00bb\u00bb text_orientation_phone=\u00bbcenter\u00bb text_orientation_last_edited=\u00bbon|phone\u00bb locked=\u00bboff\u00bb][\/et_pb_testimonial][\/et_pb_column][et_pb_column type=\u00bb1_4&#8243; _builder_version=\u00bb4.4.0&#8243;][et_pb_testimonial author=\u00bbJonas Bravo\u00bb portrait_url=\u00bbhttps:\/\/www.admx.mx\/fabricaweb\/wp-content\/uploads\/2020\/08\/Jonas-Bravo.jpeg\u00bb quote_icon=\u00bboff\u00bb _builder_version=\u00bb4.4.0&#8243; body_font=\u00bbMontserrat||||\u00bb body_text_color=\u00bb#747d88&#8243; body_font_size=\u00bb16px\u00bb body_line_height=\u00bb1.8em\u00bb use_background_color=\u00bboff\u00bb text_orientation=\u00bbcenter\u00bb animation_style=\u00bbslide\u00bb animation_direction=\u00bbright\u00bb animation_intensity_slide=\u00bb20%\u00bb text_orientation_tablet=\u00bb\u00bb text_orientation_phone=\u00bbcenter\u00bb text_orientation_last_edited=\u00bbon|phone\u00bb locked=\u00bboff\u00bb][\/et_pb_testimonial][\/et_pb_column][\/et_pb_row][et_pb_row column_structure=\u00bb1_4,1_4,1_4,1_4&#8243; _builder_version=\u00bb4.4.0&#8243;][et_pb_column type=\u00bb1_4&#8243; _builder_version=\u00bb4.4.0&#8243;][et_pb_testimonial author=\u00bbGleny Vanessa Valente\u00bb job_title=\u00bbgvalente@admx.mx\u00bb portrait_url=\u00bbhttps:\/\/www.admx.mx\/fabricaweb\/wp-content\/uploads\/2020\/08\/004-Gleny-Valente.jpg\u00bb quote_icon=\u00bboff\u00bb _builder_version=\u00bb4.4.0&#8243; body_font=\u00bbMontserrat||||\u00bb body_text_color=\u00bb#747d88&#8243; body_font_size=\u00bb16px\u00bb body_line_height=\u00bb1.8em\u00bb use_background_color=\u00bboff\u00bb text_orientation=\u00bbcenter\u00bb animation_style=\u00bbslide\u00bb animation_direction=\u00bbleft\u00bb animation_intensity_slide=\u00bb20%\u00bb text_orientation_tablet=\u00bb\u00bb text_orientation_phone=\u00bbcenter\u00bb text_orientation_last_edited=\u00bbon|phone\u00bb locked=\u00bboff\u00bb][\/et_pb_testimonial][\/et_pb_column][et_pb_column type=\u00bb1_4&#8243; _builder_version=\u00bb4.4.0&#8243;][et_pb_testimonial author=\u00bbKarintia Franco\u00bb job_title=\u00bbkfranco@admx.mx\u00bb portrait_url=\u00bbhttps:\/\/www.admx.mx\/fabricaweb\/wp-content\/uploads\/2020\/08\/063-Karintia-Franco-scaled.jpg\u00bb quote_icon=\u00bboff\u00bb _builder_version=\u00bb4.4.0&#8243; body_font=\u00bbMontserrat||||\u00bb body_text_color=\u00bb#747d88&#8243; body_font_size=\u00bb16px\u00bb body_line_height=\u00bb1.8em\u00bb use_background_color=\u00bboff\u00bb text_orientation=\u00bbcenter\u00bb animation_style=\u00bbslide\u00bb animation_direction=\u00bbright\u00bb animation_intensity_slide=\u00bb20%\u00bb text_orientation_tablet=\u00bb\u00bb text_orientation_phone=\u00bbcenter\u00bb text_orientation_last_edited=\u00bbon|phone\u00bb locked=\u00bboff\u00bb][\/et_pb_testimonial][\/et_pb_column][et_pb_column type=\u00bb1_4&#8243; _builder_version=\u00bb4.4.0&#8243;][et_pb_testimonial author=\u00bbKhucame\u00bb job_title=\u00bbkhucame@admx.mx\u00bb portrait_url=\u00bbhttps:\/\/www.admx.mx\/fabricaweb\/wp-content\/uploads\/2020\/08\/029-Khucame-Morales.png\u00bb quote_icon=\u00bboff\u00bb _builder_version=\u00bb4.4.0&#8243; body_font=\u00bbMontserrat||||\u00bb body_text_color=\u00bb#747d88&#8243; body_font_size=\u00bb16px\u00bb body_line_height=\u00bb1.8em\u00bb use_background_color=\u00bboff\u00bb text_orientation=\u00bbcenter\u00bb animation_style=\u00bbslide\u00bb animation_direction=\u00bbright\u00bb animation_intensity_slide=\u00bb20%\u00bb text_orientation_tablet=\u00bb\u00bb text_orientation_phone=\u00bbcenter\u00bb text_orientation_last_edited=\u00bbon|phone\u00bb locked=\u00bboff\u00bb][\/et_pb_testimonial][\/et_pb_column][et_pb_column type=\u00bb1_4&#8243; _builder_version=\u00bb4.4.0&#8243;][et_pb_testimonial author=\u00bbLaura Ortiz\u00bb job_title=\u00bblortiz@admx.mx\u00bb portrait_url=\u00bbhttps:\/\/www.admx.mx\/fabricaweb\/wp-content\/uploads\/2020\/08\/025-LAURA-ORTIZ.jpeg\u00bb quote_icon=\u00bboff\u00bb _builder_version=\u00bb4.4.0&#8243; body_font=\u00bbMontserrat||||\u00bb body_text_color=\u00bb#747d88&#8243; body_font_size=\u00bb16px\u00bb body_line_height=\u00bb1.8em\u00bb use_background_color=\u00bboff\u00bb text_orientation=\u00bbcenter\u00bb animation_style=\u00bbslide\u00bb animation_direction=\u00bbright\u00bb animation_intensity_slide=\u00bb20%\u00bb text_orientation_tablet=\u00bb\u00bb text_orientation_phone=\u00bbcenter\u00bb text_orientation_last_edited=\u00bbon|phone\u00bb locked=\u00bboff\u00bb][\/et_pb_testimonial][\/et_pb_column][\/et_pb_row][et_pb_row column_structure=\u00bb1_4,1_4,1_4,1_4&#8243; _builder_version=\u00bb4.4.0&#8243;][et_pb_column type=\u00bb1_4&#8243; _builder_version=\u00bb4.4.0&#8243;][et_pb_testimonial author=\u00bbMale Gil\u00bb job_title=\u00bbmgil@admx.mx\u00bb portrait_url=\u00bbhttps:\/\/www.admx.mx\/fabricaweb\/wp-content\/uploads\/2020\/08\/053-MaleGil-1.jpg\u00bb quote_icon=\u00bboff\u00bb _builder_version=\u00bb4.4.0&#8243; body_font=\u00bbMontserrat||||\u00bb body_text_color=\u00bb#747d88&#8243; body_font_size=\u00bb16px\u00bb body_line_height=\u00bb1.8em\u00bb use_background_color=\u00bboff\u00bb text_orientation=\u00bbcenter\u00bb animation_style=\u00bbslide\u00bb animation_direction=\u00bbleft\u00bb animation_intensity_slide=\u00bb20%\u00bb text_orientation_tablet=\u00bb\u00bb text_orientation_phone=\u00bbcenter\u00bb text_orientation_last_edited=\u00bbon|phone\u00bb locked=\u00bboff\u00bb][\/et_pb_testimonial][\/et_pb_column][et_pb_column type=\u00bb1_4&#8243; _builder_version=\u00bb4.4.0&#8243;][et_pb_testimonial author=\u00bbRegina Montemayor\u00bb job_title=\u00bbrmontemayor@admx.mx\u00bb portrait_url=\u00bbhttps:\/\/www.admx.mx\/fabricaweb\/wp-content\/uploads\/2020\/08\/003-Foto-Regina-Montemayor.jpg\u00bb quote_icon=\u00bboff\u00bb _builder_version=\u00bb4.4.0&#8243; body_font=\u00bbMontserrat||||\u00bb body_text_color=\u00bb#747d88&#8243; body_font_size=\u00bb16px\u00bb body_line_height=\u00bb1.8em\u00bb use_background_color=\u00bboff\u00bb text_orientation=\u00bbcenter\u00bb animation_style=\u00bbslide\u00bb animation_direction=\u00bbright\u00bb animation_intensity_slide=\u00bb20%\u00bb text_orientation_tablet=\u00bb\u00bb text_orientation_phone=\u00bbcenter\u00bb text_orientation_last_edited=\u00bbon|phone\u00bb locked=\u00bboff\u00bb][\/et_pb_testimonial][\/et_pb_column][et_pb_column type=\u00bb1_4&#8243; _builder_version=\u00bb4.4.0&#8243;][et_pb_testimonial author=\u00bbTelma Silva\u00bb job_title=\u00bbtsilva@admx.mx\u00bb portrait_url=\u00bbhttps:\/\/www.admx.mx\/fabricaweb\/wp-content\/uploads\/2020\/08\/021-Telma-Silva.jpeg\u00bb quote_icon=\u00bboff\u00bb _builder_version=\u00bb4.4.0&#8243; body_font=\u00bbMontserrat||||\u00bb body_text_color=\u00bb#747d88&#8243; body_font_size=\u00bb16px\u00bb body_line_height=\u00bb1.8em\u00bb use_background_color=\u00bboff\u00bb text_orientation=\u00bbcenter\u00bb animation_style=\u00bbslide\u00bb animation_direction=\u00bbright\u00bb animation_intensity_slide=\u00bb20%\u00bb text_orientation_tablet=\u00bb\u00bb text_orientation_phone=\u00bbcenter\u00bb text_orientation_last_edited=\u00bbon|phone\u00bb locked=\u00bboff\u00bb][\/et_pb_testimonial][\/et_pb_column][et_pb_column type=\u00bb1_4&#8243; _builder_version=\u00bb4.4.0&#8243;][et_pb_testimonial author=\u00bbValeria Ari\u00f1ez\u00bb job_title=\u00bbvarinez@admx.mx\u00bb portrait_url=\u00bbhttps:\/\/www.admx.mx\/fabricaweb\/wp-content\/uploads\/2020\/08\/011-VALERIA-ARINEZ-.jpg\u00bb quote_icon=\u00bboff\u00bb _builder_version=\u00bb4.4.0&#8243; body_font=\u00bbMontserrat||||\u00bb body_text_color=\u00bb#747d88&#8243; body_font_size=\u00bb16px\u00bb body_line_height=\u00bb1.8em\u00bb use_background_color=\u00bboff\u00bb text_orientation=\u00bbcenter\u00bb animation_style=\u00bbslide\u00bb animation_direction=\u00bbright\u00bb animation_intensity_slide=\u00bb20%\u00bb text_orientation_tablet=\u00bb\u00bb text_orientation_phone=\u00bbcenter\u00bb text_orientation_last_edited=\u00bbon|phone\u00bb locked=\u00bboff\u00bb][\/et_pb_testimonial][\/et_pb_column][\/et_pb_row][\/et_pb_section][et_pb_section fb_built=\u00bb1&#8243; _builder_version=\u00bb4.4.0&#8243; locked=\u00bboff\u00bb][et_pb_row _builder_version=\u00bb4.4.0&#8243; background_color=\u00bb#1f232f\u00bb locked=\u00bboff\u00bb][et_pb_column type=\u00bb4_4&#8243; _builder_version=\u00bb4.4.0&#8243;][et_pb_text _builder_version=\u00bb4.4.0&#8243; text_text_color=\u00bb#ffffff\u00bb text_font_size=\u00bb25px\u00bb text_orientation=\u00bbcenter\u00bb custom_margin=\u00bb|||0px|false|false\u00bb custom_padding=\u00bb|||0px|false|false\u00bb border_radii=\u00bbon|5px|5px|5px|5px\u00bb border_width_all=\u00bb30px\u00bb border_color_all=\u00bbrgba(0,0,0,0)\u00bb]<\/p>\n<p>OYENTES<\/p>\n<p>[\/et_pb_text][\/et_pb_column][\/et_pb_row][et_pb_row column_structure=\u00bb1_2,1_2&#8243; _builder_version=\u00bb4.4.0&#8243;][et_pb_column type=\u00bb1_2&#8243; _builder_version=\u00bb4.4.0&#8243;][et_pb_testimonial author=\u00bbVivian Brown\u00bb job_title=\u00bbvbrown@admx.mx\u00bb portrait_url=\u00bbhttps:\/\/www.admx.mx\/fabricaweb\/wp-content\/uploads\/2020\/07\/Vivian.png\u00bb quote_icon=\u00bboff\u00bb _builder_version=\u00bb4.4.0&#8243; body_font=\u00bbMontserrat||||\u00bb body_text_color=\u00bb#747d88&#8243; body_font_size=\u00bb16px\u00bb body_line_height=\u00bb1.8em\u00bb use_background_color=\u00bboff\u00bb text_orientation=\u00bbcenter\u00bb animation_style=\u00bbslide\u00bb animation_direction=\u00bbright\u00bb animation_intensity_slide=\u00bb20%\u00bb text_orientation_tablet=\u00bb\u00bb text_orientation_phone=\u00bbcenter\u00bb text_orientation_last_edited=\u00bbon|phone\u00bb locked=\u00bboff\u00bb][\/et_pb_testimonial][\/et_pb_column][et_pb_column type=\u00bb1_2&#8243; _builder_version=\u00bb4.4.0&#8243;][et_pb_testimonial author=\u00bbAlejandro Laviada\u00bb job_title=\u00bbalaviada@admx.mx\u00bb portrait_url=\u00bbhttps:\/\/www.admx.mx\/fabricaweb\/wp-content\/uploads\/2020\/08\/062-Alejandro-Laviada.jpg\u00bb quote_icon=\u00bboff\u00bb _builder_version=\u00bb4.4.0&#8243; body_font=\u00bbMontserrat||||\u00bb body_text_color=\u00bb#747d88&#8243; body_font_size=\u00bb16px\u00bb body_line_height=\u00bb1.8em\u00bb use_background_color=\u00bboff\u00bb text_orientation=\u00bbcenter\u00bb animation_style=\u00bbslide\u00bb animation_direction=\u00bbright\u00bb animation_intensity_slide=\u00bb20%\u00bb text_orientation_tablet=\u00bb\u00bb text_orientation_phone=\u00bbcenter\u00bb text_orientation_last_edited=\u00bbon|phone\u00bb locked=\u00bboff\u00bb][\/et_pb_testimonial][\/et_pb_column][\/et_pb_row][\/et_pb_section][et_pb_section fb_built=\u00bb1&#8243; admin_label=\u00bbSeparador\u00bb _builder_version=\u00bb4.2.2&#8243; collapsed=\u00bboff\u00bb][et_pb_row _builder_version=\u00bb4.2.2&#8243; collapsed=\u00bbon\u00bb][et_pb_column type=\u00bb4_4&#8243; _builder_version=\u00bb4.2.2&#8243;][et_pb_divider _builder_version=\u00bb4.2.2&#8243;][\/et_pb_divider][\/et_pb_column][\/et_pb_row][\/et_pb_section]<\/p>\n","protected":false},"excerpt":{"rendered":"<p>MESA COVID-19OBJETIVOS Colaborar en la creaci\u00f3n y actualizaci\u00f3n constante del Protocolo Trabajo Seguro ante Covid-19 https:\/\/seguridadaudiovisual.mx\/ Realizar y actualizar continuamente la Gu\u00eda T\u00e9cnica del Departamento de Direcci\u00f3n (Asistentes de Direcci\u00f3n). Asistir a las juntas y participar de manera activa, en la elaboraci\u00f3n del Protocolo General y las Gu\u00edas T\u00e9cnicas de cada departamento. PROYECTOS EN CURSO [&hellip;]<\/p>\n","protected":false},"author":4,"featured_media":0,"parent":0,"menu_order":0,"comment_status":"closed","ping_status":"closed","template":"","meta":{"_et_pb_use_builder":"on","_et_pb_old_content":"","_et_gb_content_width":"","footnotes":""},"class_list":["post-349","page","type-page","status-publish","hentry"],"_links":{"self":[{"href":"https:\/\/www.admx.mx\/index.php?rest_route=\/wp\/v2\/pages\/349","targetHints":{"allow":["GET"]}}],"collection":[{"href":"https:\/\/www.admx.mx\/index.php?rest_route=\/wp\/v2\/pages"}],"about":[{"href":"https:\/\/www.admx.mx\/index.php?rest_route=\/wp\/v2\/types\/page"}],"author":[{"embeddable":true,"href":"https:\/\/www.admx.mx\/index.php?rest_route=\/wp\/v2\/users\/4"}],"replies":[{"embeddable":true,"href":"https:\/\/www.admx.mx\/index.php?rest_route=%2Fwp%2Fv2%2Fcomments&post=349"}],"version-history":[{"count":10,"href":"https:\/\/www.admx.mx\/index.php?rest_route=\/wp\/v2\/pages\/349\/revisions"}],"predecessor-version":[{"id":1656,"href":"https:\/\/www.admx.mx\/index.php?rest_route=\/wp\/v2\/pages\/349\/revisions\/1656"}],"wp:attachment":[{"href":"https:\/\/www.admx.mx\/index.php?rest_route=%2Fwp%2Fv2%2Fmedia&parent=349"}],"curies":[{"name":"wp","href":"https:\/\/api.w.org\/{rel}","templated":true}]}}