{"id":3193,"date":"2023-05-26T10:02:48","date_gmt":"2023-05-26T16:02:48","guid":{"rendered":"https:\/\/www.admx.mx\/fabricaweb\/?page_id=3193"},"modified":"2023-06-01T10:50:08","modified_gmt":"2023-06-01T16:50:08","slug":"tabulador","status":"publish","type":"page","link":"https:\/\/www.admx.mx\/?page_id=3193","title":{"rendered":"Tabulador"},"content":{"rendered":"<p>[et_pb_section fb_built=\u00bb1&#8243; fullwidth=\u00bbon\u00bb _builder_version=\u00bb4.4.0&#8243; use_background_color_gradient=\u00bbon\u00bb background_color_gradient_start=\u00bbrgba(0,19,46,0.6)\u00bb background_color_gradient_end=\u00bbrgba(0,19,46,0.6)\u00bb background_color_gradient_overlays_image=\u00bbon\u00bb background_image=\u00bbhttps:\/\/www.admx.mx\/fabricaweb\/wp-content\/uploads\/2023\/05\/IMG_0073.png\u00bb][et_pb_fullwidth_header title=\u00bbConsulta nuestro tabulador\u00bb text_orientation=\u00bbcenter\u00bb button_one_text=\u00bbDescargar PDF\u00bb button_one_url=\u00bb@ET-DC@eyJkeW5hbWljIjp0cnVlLCJjb250ZW50IjoicG9zdF9saW5rX3VybF9hdHRhY2htZW50Iiwic2V0dGluZ3MiOnsicG9zdF9pZCI6IjMyNTEifX0=@\u00bb _builder_version=\u00bb4.4.0&#8243; _dynamic_attributes=\u00bbbutton_one_url\u00bb title_font=\u00bbDarker Grotesque|900|||||||\u00bb title_text_align=\u00bbleft\u00bb title_font_size=\u00bb180px\u00bb title_line_height=\u00bb0.75em\u00bb content_text_align=\u00bbleft\u00bb background_color=\u00bbrgba(0,0,0,0)\u00bb background_image=\u00bbhttps:\/\/www.admx.mx\/fabricaweb\/wp-content\/uploads\/2022\/08\/financial-advisor-40.png\u00bb background_size=\u00bbinitial\u00bb background_position=\u00bbtop_center\u00bb custom_button_one=\u00bbon\u00bb button_one_text_color=\u00bb#283444&#8243; button_one_bg_color=\u00bb#ddccb8&#8243; button_one_border_color=\u00bbrgba(0,0,0,0)\u00bb button_one_border_radius=\u00bb0px\u00bb button_one_letter_spacing=\u00bb2px\u00bb button_one_font=\u00bbDarker Grotesque|900||on|||||\u00bb button_one_use_icon=\u00bboff\u00bb button_one_custom_padding=\u00bb15px|40px|15px|40px|true|true\u00bb custom_button_two=\u00bbon\u00bb button_two_text_color=\u00bb#283444&#8243; button_two_bg_color=\u00bb#ddccb8&#8243; button_two_border_color=\u00bbrgba(0,0,0,0)\u00bb button_two_border_radius=\u00bb0px\u00bb button_two_letter_spacing=\u00bb2px\u00bb button_two_font=\u00bbDarker Grotesque|900||on|||||\u00bb button_two_use_icon=\u00bboff\u00bb custom_padding=\u00bb12vw||12vw||true|false\u00bb hover_enabled=\u00bb0&#8243; title_font_size_tablet=\u00bb10vw\u00bb title_font_size_phone=\u00bb10vw\u00bb title_font_size_last_edited=\u00bbon|phone\u00bb title_line_height_tablet=\u00bb\u00bb title_line_height_phone=\u00bb\u00bb title_line_height_last_edited=\u00bbon|desktop\u00bb background_last_edited=\u00bbon|desktop\u00bb background_size_tablet=\u00bbcover\u00bb button_one_text_size_tablet=\u00bb20px\u00bb button_one_text_size_phone=\u00bb16px\u00bb button_one_text_size_last_edited=\u00bbon|phone\u00bb button_two_text_size_tablet=\u00bb20px\u00bb button_two_text_size_phone=\u00bb16px\u00bb button_two_text_size_last_edited=\u00bbon|phone\u00bb custom_css_header_container=\u00bbmax-width: 100% !important;||width: 100% !important;\u00bb][\/et_pb_fullwidth_header][\/et_pb_section][et_pb_section fb_built=\u00bb1&#8243; admin_label=\u00bbServices\u00bb _builder_version=\u00bb4.4.3&#8243; custom_padding=\u00bb||0px|||\u00bb][et_pb_row custom_padding_last_edited=\u00bbon|phone\u00bb _builder_version=\u00bb4.4.0&#8243; background_color=\u00bb#ddccb8&#8243; custom_margin=\u00bb-180px||||false|false\u00bb custom_margin_tablet=\u00bb0px|auto||auto|false|false\u00bb custom_margin_phone=\u00bb\u00bb custom_margin_last_edited=\u00bbon|desktop\u00bb custom_padding=\u00bb|||40px|false|false\u00bb custom_padding_tablet=\u00bb|||30px|false|false\u00bb custom_padding_phone=\u00bb|||20px|false|false\u00bb box_shadow_style=\u00bbpreset4&#8243; box_shadow_horizontal=\u00bb30vw\u00bb box_shadow_vertical=\u00bb0px\u00bb box_shadow_color=\u00bb#ddccb8&#8243;][et_pb_column type=\u00bb4_4&#8243; _builder_version=\u00bb4.4.3&#8243;][et_pb_text _builder_version=\u00bb4.4.3&#8243; header_2_font=\u00bbDarker Grotesque|900|||||||\u00bb header_2_font_size=\u00bb60px\u00bb header_2_font_size_tablet=\u00bb42px\u00bb header_2_font_size_phone=\u00bb30px\u00bb header_2_font_size_last_edited=\u00bbon|phone\u00bb]<\/p>\n<h2>Tabulador de Salarios m\u00ednimos<\/h2>\n<p>[\/et_pb_text][\/et_pb_column][\/et_pb_row][et_pb_row use_custom_gutter=\u00bbon\u00bb gutter_width=\u00bb2&#8243; custom_padding_last_edited=\u00bbon|phone\u00bb _builder_version=\u00bb4.4.3&#8243; background_color=\u00bb#ddccb8&#8243; custom_margin=\u00bb|auto||50px||\u00bb custom_padding=\u00bb|||40px|false|false\u00bb custom_padding_tablet=\u00bb|||30px|false|false\u00bb custom_padding_phone=\u00bb|||20px|false|false\u00bb box_shadow_style=\u00bbpreset4&#8243; box_shadow_horizontal=\u00bb30vw\u00bb box_shadow_vertical=\u00bb0px\u00bb box_shadow_color=\u00bb#ddccb8&#8243;][et_pb_column type=\u00bb4_4&#8243; _builder_version=\u00bb4.4.3&#8243;][et_pb_text _builder_version=\u00bb4.4.0&#8243; header_4_font=\u00bbDarker Grotesque|900|||||||\u00bb header_4_font_size=\u00bb22px\u00bb custom_margin=\u00bb||20px||false|false\u00bb custom_padding=\u00bb||10px||false|false\u00bb border_width_bottom=\u00bb2px\u00bb]<\/p>\n<h4>Vigencia: Del 01 Junio al 31 de Diciembre del 2023<\/h4>\n<p>[\/et_pb_text][et_pb_text _builder_version=\u00bb4.4.0&#8243; text_font=\u00bbDarker Grotesque|600|||||||\u00bb text_font_size=\u00bb18px\u00bb text_line_height=\u00bb1.4em\u00bb]<\/p>\n<p class=\"p1\">Por medio de la presente Asistentes de Direcci\u00f3n Cinematogr\u00e1fica S.C. presenta a los socios <strong>ADMX<\/strong>, a todos los colegas ADs laborando en la Rep\u00fablica Mexicana y a la Comunidad Cinematogr\u00e1fica y de Producci\u00f3n Audiovisual en general, el <strong>Tabulador de Salarios M\u00ednimos<\/strong> en pesos mexicanos vigente para el a\u00f1o 2023.<\/p>\n<p>[\/et_pb_text][\/et_pb_column][\/et_pb_row][\/et_pb_section][et_pb_section fb_built=\u00bb1&#8243; admin_label=\u00bbTestimonial\u00bb _builder_version=\u00bb4.4.3&#8243; background_image=\u00bbhttps:\/\/www.admx.mx\/fabricaweb\/wp-content\/uploads\/2022\/08\/financial-advisor-background.png\u00bb background_size=\u00bbinitial\u00bb background_position=\u00bbtop_center\u00bb][et_pb_row _builder_version=\u00bb4.4.3&#8243; max_width=\u00bb750px\u00bb module_alignment=\u00bbcenter\u00bb][et_pb_column type=\u00bb4_4&#8243; _builder_version=\u00bb4.4.3&#8243;][et_pb_image src=\u00bbhttps:\/\/www.admx.mx\/fabricaweb\/wp-content\/uploads\/2022\/08\/financial-advisor-02.png\u00bb _builder_version=\u00bb4.4.3&#8243;][\/et_pb_image][et_pb_text _builder_version=\u00bb4.4.3&#8243; text_font=\u00bbDarker Grotesque|900|||||||\u00bb text_text_color=\u00bb#2a2a2a\u00bb text_font_size=\u00bb40px\u00bb text_line_height=\u00bb1.4em\u00bb text_font_size_tablet=\u00bb30px\u00bb text_font_size_phone=\u00bb24px\u00bb text_font_size_last_edited=\u00bbon|phone\u00bb]<\/p>\n<p class=\"p1\">Queda a discreci\u00f3n de cada Director Asistente y contratante el salario de cada proyecto previo a la aceptaci\u00f3n y\u00a0<span style=\"font-size: 40px;\">contrataci\u00f3n del mismo.<\/span><\/p>\n<p>[\/et_pb_text][et_pb_text _builder_version=\u00bb4.4.0&#8243; header_5_font=\u00bbDarker Grotesque|900|||||||\u00bb header_5_font_size=\u00bb18px\u00bb header_5_line_height=\u00bb1.4em\u00bb]<\/p>\n<h5>&#8211; Consejo Directivo ADMX, S.C. 2022 &#8211; 2024<\/h5>\n<p>[\/et_pb_text][\/et_pb_column][\/et_pb_row][et_pb_row _builder_version=\u00bb4.4.3&#8243; max_width=\u00bb751px\u00bb module_alignment=\u00bbcenter\u00bb][et_pb_column type=\u00bb4_4&#8243; _builder_version=\u00bb4.4.3&#8243;][et_pb_image src=\u00bbhttps:\/\/www.admx.mx\/fabricaweb\/wp-content\/uploads\/2023\/05\/Captura-de-Pantalla-2023-05-26-a-las-10.01.40.png\u00bb align=\u00bbcenter\u00bb _builder_version=\u00bb4.4.0&#8243;][\/et_pb_image][\/et_pb_column][\/et_pb_row][et_pb_row _builder_version=\u00bb4.4.0&#8243; custom_margin=\u00bb|auto||59px||\u00bb][et_pb_column type=\u00bb4_4&#8243; _builder_version=\u00bb4.4.0&#8243;][et_pb_text _builder_version=\u00bb4.4.0&#8243; hover_enabled=\u00bb0&#8243;]<\/p>\n<p class=\"p1\"><strong>T\u00c9RMINOS Y CONDICIONES DE PAGOS EN COMERCIALES, PUBLICIDAD Y PHOTOSHOOTS:<\/strong><\/p>\n<p class=\"p1\">Exhortamos a todos los Asistentes de Direcci\u00f3n y Productores a considerar el siguiente aumento progresivo en las tarifas, de acuerdo al financiamiento que la casa productora requiera:<\/p>\n<ul>\n<li class=\"p1\">\u00a0Pago a 30 d\u00edas naturales despu\u00e9s de la fecha de Wrap Sin aumento.<\/li>\n<li class=\"p1\">\u00a0Pasados 31 d\u00edas naturales de la fecha de Wrap 12% de aumento al salario acordado.<\/li>\n<li class=\"p1\">\u00a0Pasados 60 d\u00edas naturales de la fecha de Wrap 25% de aumento al salario acordado.<\/li>\n<li class=\"p1\">\u00a0Pasados 90 d\u00edas naturales de la fecha de Wrap 40% de aumento al salario acordado.<\/li>\n<\/ul>\n<p><strong>ACCI\u00d3N LEGAL:<\/strong><\/p>\n<p class=\"p1\">En caso de pasar los d\u00edas naturales acordados despu\u00e9s de la fecha de Wrap e incurrir en impago, cada Asistente de Direcci\u00f3n podr\u00e1 reservarse el derecho de tomar acci\u00f3n legal, seg\u00fan marca el <span style=\"text-decoration: underline;\"><span class=\"s1\" style=\"color: #0000ff; text-decoration: underline;\">Art\u00edculo 83 Bis del C\u00f3digo de Comercio <\/span><\/span>que indica 60 d\u00edas como el plazo m\u00e1ximo de pago a proveedores.<\/p>\n<p class=\"p1\">El presente Tabulador entra en vigor al d\u00eda de su publicaci\u00f3n y es de car\u00e1cter informativo. Se calcul\u00f3 tomando en cuenta las condiciones de inflaci\u00f3n y las responsabilidades de trabajo de los puestos dentro del esquema de producci\u00f3n en la industria mexicana. Se actualizar\u00e1 bajo los mismos criterios en siguientes periodos.<\/p>\n<p>[\/et_pb_text][\/et_pb_column][\/et_pb_row][et_pb_row _builder_version=\u00bb4.4.3&#8243; max_width=\u00bb751px\u00bb module_alignment=\u00bbcenter\u00bb hover_enabled=\u00bb0&#8243;][et_pb_column type=\u00bb4_4&#8243; _builder_version=\u00bb4.4.3&#8243;][et_pb_image src=\u00bbhttps:\/\/www.admx.mx\/fabricaweb\/wp-content\/uploads\/2023\/06\/Captura-de-Pantalla-2023-06-01-a-las-10.42.24.png\u00bb align=\u00bbcenter\u00bb _builder_version=\u00bb4.4.0&#8243; hover_enabled=\u00bb0&#8243;][\/et_pb_image][\/et_pb_column][\/et_pb_row][\/et_pb_section][et_pb_section fb_built=\u00bb1&#8243; disabled_on=\u00bbon|on|on\u00bb admin_label=\u00bbFeatures\u00bb _builder_version=\u00bb4.4.0&#8243; background_image=\u00bbhttps:\/\/www.admx.mx\/fabricaweb\/wp-content\/uploads\/2022\/08\/financial-advisor-shape-background-2.png\u00bb background_size=\u00bbinitial\u00bb background_position=\u00bbbottom_center\u00bb custom_padding=\u00bb||100px|||\u00bb module_alignment_tablet=\u00bbcenter\u00bb module_alignment_last_edited=\u00bboff|tablet\u00bb disabled=\u00bbon\u00bb][et_pb_row column_structure=\u00bb1_3,1_3,1_3&#8243; use_custom_gutter=\u00bbon\u00bb gutter_width=\u00bb2&#8243; make_equal=\u00bbon\u00bb _builder_version=\u00bb4.4.3&#8243; custom_margin=\u00bb|auto||37px||\u00bb custom_padding=\u00bb0px||0px||true|\u00bb box_shadow_style=\u00bbpreset4&#8243; box_shadow_horizontal=\u00bb30vw\u00bb box_shadow_vertical=\u00bb0px\u00bb box_shadow_color=\u00bb#fafafa\u00bb][et_pb_column type=\u00bb1_3&#8243; _builder_version=\u00bb4.4.3&#8243; background_color=\u00bb#283444&#8243; custom_padding=\u00bb30px|30px|30px|30px|true|true\u00bb custom_padding_tablet=\u00bb\u00bb custom_padding_phone=\u00bb|20px||20px|true|true\u00bb custom_padding_last_edited=\u00bbon|phone\u00bb][et_pb_image src=\u00bbhttps:\/\/www.admx.mx\/fabricaweb\/wp-content\/uploads\/2022\/08\/financial-advisor-icon-9-2.png\u00bb _builder_version=\u00bb4.4.3&#8243;][\/et_pb_image][et_pb_text _builder_version=\u00bb4.4.3&#8243; text_font=\u00bbDarker Grotesque|600|||||||\u00bb text_text_color=\u00bb#ddccb8&#8243; text_font_size=\u00bb18px\u00bb text_line_height=\u00bb1.4em\u00bb header_font=\u00bbDarker Grotesque|900|||||||\u00bb header_text_color=\u00bb#ddccb8&#8243; header_font_size=\u00bb36px\u00bb header_2_font=\u00bbDarker Grotesque|900|||||||\u00bb header_2_text_color=\u00bb#ddccb8&#8243; header_2_font_size=\u00bb36px\u00bb header_3_font=\u00bbDarker Grotesque|900|||||||\u00bb header_3_text_color=\u00bb#ddccb8&#8243; header_3_font_size=\u00bb36px\u00bb header_4_font=\u00bbDarker Grotesque|900|||||||\u00bb header_4_text_color=\u00bb#ddccb8&#8243; header_4_font_size=\u00bb36px\u00bb header_5_font=\u00bbDarker Grotesque|900|||||||\u00bb header_5_text_color=\u00bb#ddccb8&#8243; header_5_font_size=\u00bb36px\u00bb header_6_font=\u00bbDarker Grotesque|900|||||||\u00bb header_6_text_color=\u00bb#ddccb8&#8243; header_6_font_size=\u00bb36px\u00bb background_layout=\u00bbdark\u00bb header_font_size_tablet=\u00bb30px\u00bb header_font_size_phone=\u00bb24px\u00bb header_font_size_last_edited=\u00bbon|phone\u00bb header_2_font_size_tablet=\u00bb30px\u00bb header_2_font_size_phone=\u00bb24px\u00bb header_2_font_size_last_edited=\u00bbon|phone\u00bb header_3_font_size_tablet=\u00bb30px\u00bb header_3_font_size_phone=\u00bb24px\u00bb header_3_font_size_last_edited=\u00bbon|phone\u00bb header_4_font_size_tablet=\u00bb30px\u00bb header_4_font_size_phone=\u00bb24px\u00bb header_4_font_size_last_edited=\u00bbon|phone\u00bb header_5_font_size_tablet=\u00bb30px\u00bb header_5_font_size_phone=\u00bb24px\u00bb header_5_font_size_last_edited=\u00bbon|phone\u00bb header_6_font_size_tablet=\u00bb30px\u00bb header_6_font_size_phone=\u00bb24px\u00bb header_6_font_size_last_edited=\u00bbon|phone\u00bb]<\/p>\n<h3>401(k) Advice and Management<\/h3>\n<p>[\/et_pb_text][et_pb_text _builder_version=\u00bb4.4.3&#8243; text_font=\u00bbDarker Grotesque|600|||||||\u00bb text_text_color=\u00bb#ddccb8&#8243; text_font_size=\u00bb18px\u00bb text_line_height=\u00bb1.4em\u00bb header_font=\u00bbDarker Grotesque|900|||||||\u00bb header_text_color=\u00bb#ddccb8&#8243; header_font_size=\u00bb36px\u00bb header_2_font=\u00bbDarker Grotesque|900|||||||\u00bb header_2_text_color=\u00bb#ddccb8&#8243; header_2_font_size=\u00bb36px\u00bb header_3_font=\u00bbDarker Grotesque|900|||||||\u00bb header_3_text_color=\u00bb#ddccb8&#8243; header_3_font_size=\u00bb36px\u00bb header_4_font=\u00bbDarker Grotesque|900|||||||\u00bb header_4_text_color=\u00bb#ddccb8&#8243; header_4_font_size=\u00bb36px\u00bb header_5_font=\u00bbDarker Grotesque|900|||||||\u00bb header_5_text_color=\u00bb#ddccb8&#8243; header_5_font_size=\u00bb36px\u00bb header_6_font=\u00bbDarker Grotesque|900|||||||\u00bb header_6_text_color=\u00bb#ddccb8&#8243; header_6_font_size=\u00bb36px\u00bb background_layout=\u00bbdark\u00bb custom_margin=\u00bb60px||||false|false\u00bb header_font_size_tablet=\u00bb30px\u00bb header_font_size_phone=\u00bb24px\u00bb header_font_size_last_edited=\u00bbon|phone\u00bb header_2_font_size_tablet=\u00bb30px\u00bb header_2_font_size_phone=\u00bb24px\u00bb header_2_font_size_last_edited=\u00bbon|phone\u00bb header_3_font_size_tablet=\u00bb30px\u00bb header_3_font_size_phone=\u00bb24px\u00bb header_3_font_size_last_edited=\u00bbon|phone\u00bb header_4_font_size_tablet=\u00bb30px\u00bb header_4_font_size_phone=\u00bb24px\u00bb header_4_font_size_last_edited=\u00bbon|phone\u00bb header_5_font_size_tablet=\u00bb30px\u00bb header_5_font_size_phone=\u00bb24px\u00bb header_5_font_size_last_edited=\u00bbon|phone\u00bb header_6_font_size_tablet=\u00bb30px\u00bb header_6_font_size_phone=\u00bb24px\u00bb header_6_font_size_last_edited=\u00bbon|phone\u00bb]<\/p>\n<p>Curabitur arcu erat, accumsan id imperdiet et, porttitor at sem. Pellentesque in ipsum id orci porta dapibus. Pellentesque in ipsum id orci porta dapibus. Proin eget tortor risu<\/p>\n<p>[\/et_pb_text][\/et_pb_column][et_pb_column type=\u00bb1_3&#8243; _builder_version=\u00bb4.4.3&#8243; background_color=\u00bb#ddccb8&#8243; custom_padding=\u00bb30px|30px|30px|30px|true|true\u00bb custom_padding_tablet=\u00bb\u00bb custom_padding_phone=\u00bb|20px||20px|true|true\u00bb custom_padding_last_edited=\u00bbon|phone\u00bb][et_pb_image src=\u00bbhttps:\/\/www.admx.mx\/fabricaweb\/wp-content\/uploads\/2022\/08\/financial-advisor-icon-10-2.png\u00bb _builder_version=\u00bb4.4.3&#8243; locked=\u00bboff\u00bb][\/et_pb_image][et_pb_text _builder_version=\u00bb4.4.3&#8243; text_font=\u00bbDarker Grotesque|600|||||||\u00bb text_text_color=\u00bb#ddccb8&#8243; text_font_size=\u00bb18px\u00bb text_line_height=\u00bb1.4em\u00bb header_font=\u00bbDarker Grotesque|900|||||||\u00bb header_text_color=\u00bb#ddccb8&#8243; header_font_size=\u00bb36px\u00bb header_2_font=\u00bbDarker Grotesque|900|||||||\u00bb header_2_text_color=\u00bb#ddccb8&#8243; header_2_font_size=\u00bb36px\u00bb header_3_font=\u00bbDarker Grotesque|900|||||||\u00bb header_3_text_color=\u00bb#283444&#8243; header_3_font_size=\u00bb36px\u00bb header_4_font=\u00bbDarker Grotesque|900|||||||\u00bb header_4_text_color=\u00bb#ddccb8&#8243; header_4_font_size=\u00bb36px\u00bb header_5_font=\u00bbDarker Grotesque|900|||||||\u00bb header_5_text_color=\u00bb#ddccb8&#8243; header_5_font_size=\u00bb36px\u00bb header_6_font=\u00bbDarker Grotesque|900|||||||\u00bb header_6_text_color=\u00bb#ddccb8&#8243; header_6_font_size=\u00bb36px\u00bb header_font_size_tablet=\u00bb30px\u00bb header_font_size_phone=\u00bb24px\u00bb header_font_size_last_edited=\u00bbon|phone\u00bb header_2_font_size_tablet=\u00bb30px\u00bb header_2_font_size_phone=\u00bb24px\u00bb header_2_font_size_last_edited=\u00bbon|phone\u00bb header_3_font_size_tablet=\u00bb30px\u00bb header_3_font_size_phone=\u00bb24px\u00bb header_3_font_size_last_edited=\u00bbon|phone\u00bb header_4_font_size_tablet=\u00bb30px\u00bb header_4_font_size_phone=\u00bb24px\u00bb header_4_font_size_last_edited=\u00bbon|phone\u00bb header_5_font_size_tablet=\u00bb30px\u00bb header_5_font_size_phone=\u00bb24px\u00bb header_5_font_size_last_edited=\u00bbon|phone\u00bb header_6_font_size_tablet=\u00bb30px\u00bb header_6_font_size_phone=\u00bb24px\u00bb header_6_font_size_last_edited=\u00bbon|phone\u00bb locked=\u00bboff\u00bb]<\/p>\n<h3>Retirement Income Planning<\/h3>\n<p>[\/et_pb_text][et_pb_text _builder_version=\u00bb4.4.3&#8243; text_font=\u00bbDarker Grotesque|600|||||||\u00bb text_text_color=\u00bb#283444&#8243; text_font_size=\u00bb18px\u00bb text_line_height=\u00bb1.4em\u00bb header_font=\u00bbDarker Grotesque|900|||||||\u00bb header_text_color=\u00bb#ddccb8&#8243; header_font_size=\u00bb36px\u00bb header_2_font=\u00bbDarker Grotesque|900|||||||\u00bb header_2_text_color=\u00bb#ddccb8&#8243; header_2_font_size=\u00bb36px\u00bb header_3_font=\u00bbDarker Grotesque|900|||||||\u00bb header_3_text_color=\u00bb#ddccb8&#8243; header_3_font_size=\u00bb36px\u00bb header_4_font=\u00bbDarker Grotesque|900|||||||\u00bb header_4_text_color=\u00bb#ddccb8&#8243; header_4_font_size=\u00bb36px\u00bb header_5_font=\u00bbDarker Grotesque|900|||||||\u00bb header_5_text_color=\u00bb#ddccb8&#8243; header_5_font_size=\u00bb36px\u00bb header_6_font=\u00bbDarker Grotesque|900|||||||\u00bb header_6_text_color=\u00bb#ddccb8&#8243; header_6_font_size=\u00bb36px\u00bb background_layout=\u00bbdark\u00bb custom_margin=\u00bb60px||||false|false\u00bb header_font_size_tablet=\u00bb30px\u00bb header_font_size_phone=\u00bb24px\u00bb header_font_size_last_edited=\u00bbon|phone\u00bb header_2_font_size_tablet=\u00bb30px\u00bb header_2_font_size_phone=\u00bb24px\u00bb header_2_font_size_last_edited=\u00bbon|phone\u00bb header_3_font_size_tablet=\u00bb30px\u00bb header_3_font_size_phone=\u00bb24px\u00bb header_3_font_size_last_edited=\u00bbon|phone\u00bb header_4_font_size_tablet=\u00bb30px\u00bb header_4_font_size_phone=\u00bb24px\u00bb header_4_font_size_last_edited=\u00bbon|phone\u00bb header_5_font_size_tablet=\u00bb30px\u00bb header_5_font_size_phone=\u00bb24px\u00bb header_5_font_size_last_edited=\u00bbon|phone\u00bb header_6_font_size_tablet=\u00bb30px\u00bb header_6_font_size_phone=\u00bb24px\u00bb header_6_font_size_last_edited=\u00bbon|phone\u00bb locked=\u00bboff\u00bb]<\/p>\n<p>Curabitur arcu erat, accumsan id imperdiet et, porttitor at sem. Pellentesque in ipsum id orci porta dapibus. Pellentesque in ipsum id orci porta dapibus. Proin eget tortor risu<\/p>\n<p>[\/et_pb_text][\/et_pb_column][et_pb_column type=\u00bb1_3&#8243; _builder_version=\u00bb4.4.3&#8243; background_color=\u00bb#fafafa\u00bb custom_padding=\u00bb50px|30px|50px|30px|true|true\u00bb][et_pb_image src=\u00bbhttps:\/\/www.admx.mx\/fabricaweb\/wp-content\/uploads\/2022\/08\/Rectangle.png\u00bb _builder_version=\u00bb4.4.3&#8243; positioning=\u00bbabsolute\u00bb position_origin_a=\u00bbtop_right\u00bb vertical_offset=\u00bb-40px\u00bb horizontal_offset=\u00bb-40px\u00bb][\/et_pb_image][et_pb_text _builder_version=\u00bb4.4.3&#8243; text_font=\u00bbDarker Grotesque|900|||||||\u00bb text_text_color=\u00bb#283444&#8243; text_font_size=\u00bb130px\u00bb text_line_height=\u00bb1em\u00bb text_font_size_tablet=\u00bb120px\u00bb text_font_size_phone=\u00bb80px\u00bb text_font_size_last_edited=\u00bbon|desktop\u00bb]45%[\/et_pb_text][et_pb_text _builder_version=\u00bb4.4.3&#8243; header_3_font=\u00bbDarker Grotesque|900|||||||\u00bb header_3_text_color=\u00bb#283444&#8243; header_3_font_size=\u00bb36px\u00bb header_3_font_size_tablet=\u00bb30px\u00bb header_3_font_size_phone=\u00bb24px\u00bb header_3_font_size_last_edited=\u00bbon|tablet\u00bb]<\/p>\n<h3>Praesent Sapien Massa Convallis<\/h3>\n<p>[\/et_pb_text][\/et_pb_column][\/et_pb_row][\/et_pb_section]<\/p>\n","protected":false},"excerpt":{"rendered":"<p>Tabulador de Salarios m\u00ednimosVigencia: Del 01 Junio al 31 de Diciembre del 2023Por medio de la presente Asistentes de Direcci\u00f3n Cinematogr\u00e1fica S.C. presenta a los socios ADMX, a todos los colegas ADs laborando en la Rep\u00fablica Mexicana y a la Comunidad Cinematogr\u00e1fica y de Producci\u00f3n Audiovisual en general, el Tabulador de Salarios M\u00ednimos en pesos [&hellip;]<\/p>\n","protected":false},"author":4,"featured_media":0,"parent":0,"menu_order":0,"comment_status":"closed","ping_status":"closed","template":"","meta":{"_et_pb_use_builder":"on","_et_pb_old_content":"","_et_gb_content_width":"","footnotes":""},"class_list":["post-3193","page","type-page","status-publish","hentry"],"_links":{"self":[{"href":"https:\/\/www.admx.mx\/index.php?rest_route=\/wp\/v2\/pages\/3193","targetHints":{"allow":["GET"]}}],"collection":[{"href":"https:\/\/www.admx.mx\/index.php?rest_route=\/wp\/v2\/pages"}],"about":[{"href":"https:\/\/www.admx.mx\/index.php?rest_route=\/wp\/v2\/types\/page"}],"author":[{"embeddable":true,"href":"https:\/\/www.admx.mx\/index.php?rest_route=\/wp\/v2\/users\/4"}],"replies":[{"embeddable":true,"href":"https:\/\/www.admx.mx\/index.php?rest_route=%2Fwp%2Fv2%2Fcomments&post=3193"}],"version-history":[{"count":9,"href":"https:\/\/www.admx.mx\/index.php?rest_route=\/wp\/v2\/pages\/3193\/revisions"}],"predecessor-version":[{"id":3253,"href":"https:\/\/www.admx.mx\/index.php?rest_route=\/wp\/v2\/pages\/3193\/revisions\/3253"}],"wp:attachment":[{"href":"https:\/\/www.admx.mx\/index.php?rest_route=%2Fwp%2Fv2%2Fmedia&parent=3193"}],"curies":[{"name":"wp","href":"https:\/\/api.w.org\/{rel}","templated":true}]}}