{"id":2307,"date":"2021-03-24T18:53:39","date_gmt":"2021-03-25T00:53:39","guid":{"rendered":"https:\/\/www.admx.mx\/fabricaweb\/?page_id=2307"},"modified":"2021-03-28T11:57:56","modified_gmt":"2021-03-28T17:57:56","slug":"politica-de-privacidad","status":"publish","type":"page","link":"https:\/\/www.admx.mx\/?page_id=2307","title":{"rendered":"Pol\u00edtica de privacidad"},"content":{"rendered":"<p>[et_pb_section fb_built=\u00bb1&#8243; _builder_version=\u00bb3.22&#8243;][et_pb_row _builder_version=\u00bb4.4.0&#8243;][et_pb_column type=\u00bb4_4&#8243; _builder_version=\u00bb4.4.0&#8243;][et_pb_text _builder_version=\u00bb4.4.0&#8243;]<\/p>\n<h1 style=\"text-align: center;\">AVISO DE PRIVACIDAD<\/h1>\n<p>[\/et_pb_text][\/et_pb_column][\/et_pb_row][et_pb_row _builder_version=\u00bb3.25&#8243; background_size=\u00bbinitial\u00bb background_position=\u00bbtop_left\u00bb background_repeat=\u00bbrepeat\u00bb][et_pb_column type=\u00bb4_4&#8243; _builder_version=\u00bb3.25&#8243; custom_padding=\u00bb|||\u00bb custom_padding__hover=\u00bb|||\u00bb][et_pb_text _builder_version=\u00bb3.27.4&#8243; background_size=\u00bbinitial\u00bb background_position=\u00bbtop_left\u00bb background_repeat=\u00bbrepeat\u00bb]<\/p>\n<p><span style=\"font-size: 14px;\">\u00a0La direcci\u00f3n de nuestra web es: <\/span><a href=\"https:\/\/www.admx.mx\/fabricaweb\" style=\"font-size: 14px;\">https:\/\/www.admx.mx\/fabricaweb<\/a><span style=\"font-size: 14px;\">.<\/span><\/p>\n<p><span style=\"font-size: 14px;\">\u00a0<\/span><\/p>\n<p><strong>T\u00c9RMINOS Y CONDICIONES <\/strong><\/p>\n<p><strong>\u00a0<\/strong><\/p>\n<p style=\"text-align: justify;\">El presente documento, en adelante \u201cT\u00c9RMINOS Y CONDICIONES\u201d, tiene por objeto regular el uso de este \u201cSITIO WEB\u201d, cuya propiedad ostenta Asistentes de Direcci\u00f3n Cinematogr\u00e1fica S.C., en lo sucesivo el \u201cTITULAR\u201d; principalmente, respecto al acceso y transmisi\u00f3n de informaci\u00f3n, uso de los contenidos, servicios y captaci\u00f3n de datos personales que, a trav\u00e9s de \u00e9sta plataforma sean compartidos y\/o recabados con el objetivo de ofrecer a la persona que ingrese a este \u201cSITIO WEB\u201d, en adelante el \u201cUSUARIO\u201d, los beneficios y\/o servicios que, en su caso, sean dispuestos por el \u201cTITULAR\u201d para brindar una mejor experiencia al \u201cUSUARIO\u201d.\u00a0<\/p>\n<p style=\"text-align: justify;\">Por lo que, cualquier persona que desee acceder o hacer uso del sitio o los servicios que se ofrezcan en \u00e9ste, deber\u00e1 sujetarse a los \u201cT\u00c9RMINOS Y CONDICIONES\u201d, pol\u00edticas de uso y principios establecidos en \u00e9ste instrumento; por lo que, el simple hecho de acceder y navegar en este \u201cSITIO WEB\u201d, el \u201cUSUARIO\u201d acepta y est\u00e1 de acuerdo, de manera t\u00e1cita, con los \u201cT\u00c9RMINOS Y CONDICIONES\u201d que este documento contiene. Asimismo, en caso de negarse a aceptar lo dispuesto en el presente escrito, deber\u00e1 abstenerse de utilizar el \u201cSITIO WEB\u201d, as\u00ed como tambi\u00e9n de recabar y divulgar la informaci\u00f3n contenida en \u00e9ste; y, de adquirir los servicios que, en su caso, sean ofertados por el \u201cTITULAR\u201d.<\/p>\n<p><strong>ACCESO<\/strong><\/p>\n<p style=\"text-align: justify;\">El \u201cSITIO WEB\u201d est\u00e1 dirigido exclusivamente a personas mayores de edad (18 a\u00f1os en adelante), por lo que, el \u201cTITULAR\u201d ser\u00e1 liberado de cualquier responsabilidad por el incumplimiento a este requisito.<\/p>\n<p style=\"text-align: justify;\">Asimismo, el \u201cSITIO WEB\u201d est\u00e1\u00a0 dirigido principalmente a \u201cUSUARIOS\u201d residentes en la Rep\u00fablica Mexicana, por lo cual, el \u201cTITULAR\u201d no asegura que el \u201cSITIO WEB\u201d cumpla total o parcialmente con la legislaci\u00f3n de otros pa\u00edses. En este sentido, el \u201cUSUARIO\u201d que tenga su domicilio establecido en otro pa\u00eds y decida hacer uso del \u201cSITIO WEB\u201d, lo har\u00e1 bajo su propia responsabilidad, deslindando al \u201cTITULAR\u201d de cualquier responsabilidad que pueda derivar de ello.<\/p>\n<p style=\"text-align: justify;\">El acceso a este \u201cSITIO WEB\u201d por parte del \u201cUSUARIO\u201d es completamente gratuito y libre, sin embargo, el \u201cTITULAR\u201d se reserva el derecho de compartir informaci\u00f3n y ofertar servicios que, a su consideraci\u00f3n sean lucrativos, previa suscripci\u00f3n o registro del \u201cUSUARIO\u201d, quien se obliga a leer cuidadosamente este documento y los apartados en los que se solicite una contraprestaci\u00f3n para poder acceder a determinada informaci\u00f3n y\/o servicios, siendo enteramente responsable de la inserci\u00f3n de los datos personales que, en su caso, le sean requeridos para tales efectos.<\/p>\n<p><strong>DEL USO<\/strong><\/p>\n<p style=\"text-align: justify;\">Es responsabilidad del \u201cUSUARIO\u201d hacer uso del \u201cSITIO WEB\u201d de acuerdo a su naturaleza y a los medios disponibles en este, en este sentido, queda totalmente prohibido el uso de cualquier tipo de software, programa o tecnolog\u00eda conocida o por conocer que tenga por objetivo alterar, modificar, interrumpir u obstaculizar de cualquier manera la existencia, funciones, informaci\u00f3n, actividad, o cualquier elemento que integre o derive del \u201cSITIO WEB\u201d.<\/p>\n<p style=\"text-align: justify;\">Asimismo, el \u201cUSUARIO\u201d se compromete a no hacer uso por s\u00ed mismo o por interp\u00f3sita persona, de cualquier software, programa o tecnolog\u00eda conocida o por conocer, que automatice la interacci\u00f3n, copia o descarga ilegal de cualquier contenido, servicios, informaci\u00f3n personal o elemento contenido en el \u201cSITIO WEB\u201d.<\/p>\n<p style=\"text-align: justify;\">Por lo que hace a la informaci\u00f3n, contenidos o servicios ofertados en el \u201cSITIO WEB, el \u201cUSUARIO\u201d se compromete a utilizarlos de manera l\u00edcita, sin contravenir lo dispuesto en el presente documento y se abstendr\u00e1 de realizar cualquier acto que pueda suponer una afectaci\u00f3n al \u201cTITULAR\u201d, a los derechos de terceros o que perjudique de alg\u00fan modo el funcionamiento del \u201cSITIO WEB\u201d.<\/p>\n<p style=\"text-align: justify;\">Trat\u00e1ndose de apartados en los que el \u201cTITULAR\u201d permita la interacci\u00f3n entre \u201cUSUARIOS\u201d, \u00e9stos se comprometen a conducirse en el marco del respeto, por lo que, cualquier comentario y aportaci\u00f3n que vulnere la ley, la dignidad de una persona, que fomente la discriminaci\u00f3n, violencia de g\u00e9nero y\/o cualquier otra muestra de violencia, intolerancia para con cualquier persona o resulten inadecuados, ser\u00e1n retirados a libre voluntad del \u201cTITULAR\u201d. En este sentido, el \u201cTITULAR\u201d no se hace responsable de las opiniones, comentarios y\/o contenido publicado por el \u201cUSUARIIO\u201d.<\/p>\n<p style=\"text-align: justify;\">El \u201cTITULAR\u201d no garantiza en ning\u00fan modo la continuidad o disponibilidad de los contenidos y\/o servicios ofrecidos en el \u201cSITIO WEB\u201d, sin embargo, llevar\u00e1 a cabo las acciones necesarias que permitan mantener la subsistencia del mismo, sin que ello signifique una responsabilidad para el \u201cTITULAR\u201d.<\/p>\n<p style=\"text-align: justify;\"><strong>INFORMACI\u00d3N PERSONAL<\/strong><\/p>\n<p style=\"text-align: justify;\">El \u201cUSUARIO\u201d, cuando sea de su inter\u00e9s, se compromete a proporcionar informaci\u00f3n l\u00edcita y veraz en los formularios que, en su caso, sean habilitados en el \u201cSITIO WEB\u201d, en los cuales tenga que compartir ciertos datos o informaci\u00f3n para el acceso a alg\u00fan contenido y\/o servicio habilitado en el \u201cSITIO WEB\u201d.<\/p>\n<p style=\"text-align: justify;\">Cuando, por cualquier causa, el \u201cUSUARIO\u201d se vea afectado por alguna causa que le impida disponer o manejar la informaci\u00f3n proporcionada, ya sea por robo, fraude, extrav\u00edo y\/o acceso no autorizado a cuentas y contrase\u00f1as, deber\u00e1 ponerse en contacto inmediato con el \u201cTITUALR\u201d a efecto de que se tomen las medidas pertinentes procediendo, en su caso, la cancelaci\u00f3n y abstenci\u00f3n de uso.<\/p>\n<p><strong>MODIFICACIONES<\/strong><\/p>\n<p style=\"text-align: justify;\">El \u201cTITULAR\u201d se reserva el derecho de hacer todas las modificaciones que considere pertinentes, en cualquier momento y sin previo aviso, al contenido, informaci\u00f3n, funcionalidad, servicios, configuraci\u00f3n, m\u00e9todos de suscripci\u00f3n, entre otros, que integren el \u201cSITIO WEB\u201d; as\u00ed como a interrumpir, cancelar y\/o desactivar cualquiera de dichos elementos o el acceso a los mismos.<\/p>\n<p style=\"text-align: justify;\">De igual manera, el \u201cTITULAR\u201d podr\u00e1 administrar o gestionar el \u201cSITIO WEB\u201d de manera directa o a trav\u00e9s de un tercero que, para tales efectos, designe, lo cual no modifica en ning\u00fan sentido lo establecido en este documento, salvo pacto en contrario; lo cual, ser\u00e1 informado, oportunamente, en el \u201cSITIO WEB\u201d para conocimiento del \u201cUSUARIO\u201d.<\/p>\n<p><strong>PROPIEDAD INTELECTUAL<\/strong><\/p>\n<p style=\"text-align: justify;\">El \u201cTITULAR\u201d es el \u00fanico y leg\u00edtimo propietario de todos los derechos de propiedad intelectual e industrial del \u201cSITIO WEB\u201d, entendiendo por ello el programa de computaci\u00f3n, software, base de datos, marca, logo, im\u00e1genes; archivos literarios, de audio o video; estructuras, dise\u00f1o y dem\u00e1s elementos que lo distinguen; as\u00ed como del contenido que sea compartido gratuita u onerosamente con el \u201cUSUARIO\u201d.<\/p>\n<p style=\"text-align: justify;\">Tales derechos se encuentran protegidos y amparados por la legislaci\u00f3n de los Estados Unidos Mexicanos, tales como la Ley Federal del Derecho de Autor, as\u00ed como por diversos ordenamientos de orden federal y tratados internacionales de los que M\u00e9xico forma parte; por lo que, de manera enunciativa m\u00e1s no limitativa, queda expresamente prohibido la reproducci\u00f3n total o parcial, por cualquier medio o forma de cualquiera de los elementos que integran el \u201cSITIO WEB\u201d, as\u00ed como tambi\u00e9n\u00a0 la traducci\u00f3n, adaptaci\u00f3n, reordenaci\u00f3n o cualquier otra modificaci\u00f3n de dichos elementos; su distribuci\u00f3n o difusi\u00f3n total o parcial con fines comerciales, en cualquier medio conocido o por conocer, sin la autorizaci\u00f3n expresa del \u201cTITULAR\u201d.<\/p>\n<p style=\"text-align: justify;\">El \u201cUSUARIO\u201d se abstendr\u00e1 de suprimir, alterar, modificar o manipular cualquier elemento, archivo o contenido del \u201cSITIO WEB\u201d y, por ning\u00fan motivo, realizara actos tendientes a vulnerar la seguridad, archivos o bases de datos que se encuentren protegidos, incluyendo la informaci\u00f3n de terceros.<\/p>\n<p style=\"text-align: justify;\">En caso de que el \u201cUSUARIO\u201d o cualquier tercero, considere que cualquiera de los contenidos del \u201cSITIO WEB\u201d suponga la violaci\u00f3n de los derechos de propiedad intelectual, deber\u00e1 comunicarlo inmediatamente al \u201cTITULAR\u201d, a trav\u00e9s de los datos de contacto proporcionado en este documento,\u00a0 a efecto de que se lleven a cabo las acciones correspondientes.<\/p>\n<p><strong>POL\u00cdTICAS DE PRIVACIDAD Y DATOS PERSONALES<\/strong><\/p>\n<p style=\"text-align: justify;\">El \u201cTITULAR\u201d se compromete a adoptar las medidas necesarias, que est\u00e9n a su alcance, para asegurar la privacidad de los datos personales que proporcione el \u201cUSUARIO\u201d, a efecto de que se garantice su seguridad, se evite su alteraci\u00f3n o tratamiento no autorizado, en t\u00e9rminos de la Ley Federal de Protecci\u00f3n de Datos Personales en Posesi\u00f3n de Particulares.<\/p>\n<p style=\"text-align: justify;\">Por lo tanto, cualquier dato recabado con el pleno consentimiento de su titular, en este caso el \u201cUSUARIO\u201d, ser\u00e1 tratado con responsabilidad, confidencialidad, sensibilidad, licitud y calidad. Trat\u00e1ndose de datos financieros o patrimoniales, requerir\u00e1n autorizaci\u00f3n expresa por parte de su titular, tomando en consideraci\u00f3n que el \u201cSITIO WEB\u201d podr\u00e1 contar con un apartado habilitado para que, de ser su voluntad, el \u201cUSUARIO\u201d inserte sus datos con el objetivo de obtener los beneficios o servicios que, en su caso, oferte el \u201cTITULAR\u201d, tomando en consideraci\u00f3n que dichos datos ser\u00e1n tratados con la debida diligencia y cuidado que ello amerita, evitando, en la medida de lo posible, cualquier afectaci\u00f3n que su uso pueda traer consigo al \u201cUSUARIO\u201d.\u00a0 El tratamiento de los datos personales se limitar\u00e1 al cumplimiento del \u201cAVISO DE PRIVACIDAD\u201d que se encuentra disponible en este \u201cSITIO WEB\u201d.<\/p>\n<p style=\"text-align: justify;\">El \u201cTITULAR\u201d se reserva el derecho de modificar su Pol\u00edtica de Privacidad, de acuerdo a sus necesidades y a la legislaci\u00f3n vigente por lo que, el acceso y uso del \u201cSITIO WEB\u201d compromete al \u201cUSUARIO\u201d a estar al tanto de las posibles modificaciones que pudiesen realizarse al \u201cAVISO DE PROVACIDAD\u201d y a \u00e9ste documento.<\/p>\n<p style=\"text-align: justify;\">Por otra parte, el \u201cTITULAR\u201d siempre se encontrara en la mejor disposici\u00f3n para cooperar con las autoridades gubernamentales, nacionales e internacionales, en cualquier investigaci\u00f3n relacionada con la informaci\u00f3n ingresada por el \u201cUSUARIO\u201d al \u201cSITIO WEB\u201d, a efecto de dar cumplimiento a la legislaci\u00f3n aplicable vigente.<\/p>\n<p><strong>COOKIES<\/strong><\/p>\n<p style=\"text-align: justify;\">El acceso al \u201cSITIO WEB\u201d puede implicar el uso de cookies, las cuales implican la captaci\u00f3n, en peque\u00f1as cantidades, de informaci\u00f3n almacenada en el navegador del \u201cUSUARIO\u201d, las cuales facilitan la navegaci\u00f3n y pueden recabar informaci\u00f3n como las preferencias del \u201cUSUARIO\u201d, as\u00ed como su interacci\u00f3n con el \u201cSITIO WEB\u201d. Lo anterior, con el fin de mejorar la navegaci\u00f3n del \u201cUSUARIO\u201d a trav\u00e9s del \u201cSITIO WEB\u201d y brindarle servicios de mejor calidad; siendo as\u00ed, dicha informaci\u00f3n ser\u00e1 an\u00f3nima y no se identificar\u00e1 a usuarios de manera individual.<\/p>\n<p style=\"text-align: justify;\">Si el \u201cUSUARIO\u201d no desea que se recopile \u00e9ste tipo de informaci\u00f3n, podr\u00e1 deshabilitar, rechazar, restringir o eliminar\u00a0 el uso de cookies en su navegador de internet; y, podr\u00e1 continuar haciendo uso del \u201cSITIO WEB\u201d sin impedimento alguno, salvo la posible deshabilitaci\u00f3n de ciertas funciones.<\/p>\n<p><strong>RESPONSABILIDAD<\/strong><\/p>\n<p style=\"text-align: justify;\">El \u201cTITULAR\u201d no ser\u00e1 responsable por el uso inadecuado que el \u201cUSUARIO\u201d haga del \u201cSITIO WEB\u201d o del incumplimiento a los \u201cTERMINOS Y CONDICIONES\u201d establecidos en este documento. De igual manera, no garantiza que el \u201cSITIO WEB\u201d se encuentre libre de errores o de cualquier software malicioso que pueda causar da\u00f1os en el equipo del \u201cUSUARIO\u201d, ya sea a nivel de software o hardware; por ello, el \u201cUSUARIO\u201d libera de toda responsabilidad que por ello pudiese reclamar al \u201cTITULAR\u201d.<\/p>\n<p style=\"text-align: justify;\">En ning\u00fan caso, el \u201cTITULAR\u201d ser\u00e1 responsable de las p\u00e9rdidas, da\u00f1os y perjuicios que por el acceso o el uso del \u201cSITIO WEB\u201d pudiesen afectar al \u201cUSUARIO\u201d, por lo que, el \u201cUSUARIO\u201d libera de toda responsabilidad que, por tal cuesti\u00f3n, pudiese atribuirse al \u201cTITULAR, comprometi\u00e9ndose a sacarlo en paz y a salvo de cualquier acci\u00f3n judicial, procedimiento administrativo o similar que pudiese interponer por s\u00ed mismo o por tercera persona, en perjuicio de \u00e9ste.<\/p>\n<p style=\"text-align: justify;\">Por otra parte, el \u201cUSUARIO\u201d ser\u00e1 enteramente responsable de los da\u00f1os y perjuicios que, en su caso, llegase a ocasionar al \u201cTITULAR\u201d derivado del incumplimiento a los \u201cT\u00c9RMINOS Y CONDICIONES\u201d detallados en este documento, sin perjuicio de las acciones de car\u00e1cter administrativo, judicial o similares que el \u201cTITULAR\u201d interponga en su contra, derivado de ello.<\/p>\n<p><strong>CONTACTO<\/strong><\/p>\n<p>Para todos los efectos a los que haya lugar, el \u201cTITULAR\u201d se\u00f1ala como E-mail de contacto, el siguiente: info@admx.mx<\/p>\n<p>Asimismo, se\u00f1ala como domicilio el ubicado en: Privada Ju\u00e1rez 27, Santa Catarina, Coyoac\u00e1n 04010. CDMX<\/p>\n<p>Tel\u00e9fonos:\u00a055-5160-1445<\/p>\n<p><strong>JURISDICCI\u00d3N<\/strong><\/p>\n<p style=\"text-align: justify;\">El \u201cTITULAR\u201d en el ejercicio de sus derechos y a efecto de resolver cualquier controversia que derive o pueda derivar del uso del \u201cSITIO WEB\u201d; de cualquier interpretaci\u00f3n, aplicaci\u00f3n o incumplimiento a estos \u201cTERMINOS Y CONDICIONES\u201d, de la contravenci\u00f3n al \u201cAVISO DE PRIVACIDAD\u201d o cualquier cuesti\u00f3n judicial y\/o administrativa que de ello derive, el \u201cTITULAR\u201d y el \u201cUSUARIO\u201d se regir\u00e1n por lo dispuesto en la legislaci\u00f3n vigente de la Ciudad de M\u00e9xico, someti\u00e9ndose a la jurisdicci\u00f3n de los tribunales que, conforme a derecho, sean competentes.<\/p>\n<p>&nbsp;<\/p>\n<p>&nbsp;<\/p>\n<p>&nbsp;<\/p>\n<p>[\/et_pb_text][\/et_pb_column][\/et_pb_row][\/et_pb_section]<\/p>\n","protected":false},"excerpt":{"rendered":"<p>AVISO DE PRIVACIDAD\u00a0La direcci\u00f3n de nuestra web es: https:\/\/www.admx.mx\/fabricaweb. \u00a0 T\u00c9RMINOS Y CONDICIONES \u00a0 El presente documento, en adelante \u201cT\u00c9RMINOS Y CONDICIONES\u201d, tiene por objeto regular el uso de este \u201cSITIO WEB\u201d, cuya propiedad ostenta Asistentes de Direcci\u00f3n Cinematogr\u00e1fica S.C., en lo sucesivo el \u201cTITULAR\u201d; principalmente, respecto al acceso y transmisi\u00f3n de informaci\u00f3n, uso de [&hellip;]<\/p>\n","protected":false},"author":4,"featured_media":0,"parent":0,"menu_order":0,"comment_status":"closed","ping_status":"closed","template":"","meta":{"_et_pb_use_builder":"on","_et_pb_old_content":"<!-- wp:heading -->\r\n<h2>Qui\u00e9nes somos<\/h2>\r\n<!-- \/wp:heading --><!-- wp:paragraph -->\r\n<p><strong class=\"privacy-policy-tutorial\">Texto sugerido: <\/strong>La direcci\u00f3n de nuestra web es: https:\/\/www.admx.mx\/fabricaweb.<\/p>\r\n<!-- \/wp:paragraph --><!-- wp:heading -->\r\n<h2>Comentarios<\/h2>\r\n<!-- \/wp:heading --><!-- wp:paragraph -->\r\n<p><strong class=\"privacy-policy-tutorial\">Texto sugerido: <\/strong>Cuando los visitantes dejan comentarios en la web, recopilamos los datos que se muestran en el formulario de comentarios, as\u00ed como la direcci\u00f3n IP del visitante y la cadena de agentes de usuario del navegador para ayudar a la detecci\u00f3n de spam.<\/p>\r\n<!-- \/wp:paragraph --><!-- wp:paragraph -->\r\n<p>Una cadena an\u00f3nima creada a partir de tu direcci\u00f3n de correo electr\u00f3nico (tambi\u00e9n llamada hash) puede ser proporcionada al servicio de Gravatar para ver si la est\u00e1s usando. La pol\u00edtica de privacidad del servicio Gravatar est\u00e1 disponible aqu\u00ed: https:\/\/automattic.com\/privacy\/. Despu\u00e9s de la aprobaci\u00f3n de tu comentario, la imagen de tu perfil es visible para el p\u00fablico en el contexto de tu comentario.<\/p>\r\n<!-- \/wp:paragraph --><!-- wp:heading -->\r\n<h2>Medios<\/h2>\r\n<!-- \/wp:heading --><!-- wp:paragraph -->\r\n<p><strong class=\"privacy-policy-tutorial\">Texto sugerido: <\/strong>Si subes im\u00e1genes a la web, deber\u00edas evitar subir im\u00e1genes con datos de ubicaci\u00f3n (GPS EXIF) incluidos. Los visitantes de la web pueden descargar y extraer cualquier dato de ubicaci\u00f3n de las im\u00e1genes de la web.<\/p>\r\n<!-- \/wp:paragraph --><!-- wp:heading -->\r\n<h2>Cookies<\/h2>\r\n<!-- \/wp:heading --><!-- wp:paragraph -->\r\n<p><strong class=\"privacy-policy-tutorial\">Texto sugerido: <\/strong>Si dejas un comentario en nuestro sitio puedes elegir guardar tu nombre, direcci\u00f3n de correo electr\u00f3nico y web en cookies. Esto es para tu comodidad, para que no tengas que volver a rellenar tus datos cuando dejes otro comentario. Estas cookies tendr\u00e1n una duraci\u00f3n de un a\u00f1o.<\/p>\r\n<!-- \/wp:paragraph --><!-- wp:paragraph -->\r\n<p>Si tienes una cuenta y te conectas a este sitio, instalaremos una cookie temporal para determinar si tu navegador acepta cookies. Esta cookie no contiene datos personales y se elimina al cerrar el navegador.<\/p>\r\n<!-- \/wp:paragraph --><!-- wp:paragraph -->\r\n<p>Cuando accedas, tambi\u00e9n instalaremos varias cookies para guardar tu informaci\u00f3n de acceso y tus opciones de visualizaci\u00f3n de pantalla. Las cookies de acceso duran dos d\u00edas, y las cookies de opciones de pantalla duran un a\u00f1o. Si seleccionas \u00abRecu\u00e9rdarme\u00bb, tu acceso perdurar\u00e1 durante dos semanas. Si sales de tu cuenta, las cookies de acceso se eliminar\u00e1n.<\/p>\r\n<!-- \/wp:paragraph --><!-- wp:paragraph -->\r\n<p>Si editas o publicas un art\u00edculo se guardar\u00e1 una cookie adicional en tu navegador. Esta cookie no incluye datos personales y simplemente indica el ID del art\u00edculo que acabas de editar. Caduca despu\u00e9s de 1 d\u00eda.<\/p>\r\n<!-- \/wp:paragraph --><!-- wp:heading -->\r\n<h2>Contenido incrustado de otros sitios web<\/h2>\r\n<!-- \/wp:heading --><!-- wp:paragraph -->\r\n<p><strong class=\"privacy-policy-tutorial\">Texto sugerido: <\/strong>Los art\u00edculos de este sitio pueden incluir contenido incrustado (por ejemplo, v\u00eddeos, im\u00e1genes, art\u00edculos, etc.). El contenido incrustado de otras webs se comporta exactamente de la misma manera que si el visitante hubiera visitado la otra web.<\/p>\r\n<!-- \/wp:paragraph --><!-- wp:paragraph -->\r\n<p>Estas web pueden recopilar datos sobre ti, utilizar cookies, incrustar un seguimiento adicional de terceros, y supervisar tu interacci\u00f3n con ese contenido incrustado, incluido el seguimiento de tu interacci\u00f3n con el contenido incrustado si tienes una cuenta y est\u00e1s conectado a esa web.<\/p>\r\n<!-- \/wp:paragraph --><!-- wp:heading -->\r\n<h2>Con qui\u00e9n compartimos tus datos<\/h2>\r\n<!-- \/wp:heading --><!-- wp:paragraph -->\r\n<p><strong class=\"privacy-policy-tutorial\">Texto sugerido: <\/strong>Si solicitas un restablecimiento de contrase\u00f1a, tu direcci\u00f3n IP ser\u00e1 incluida en el correo electr\u00f3nico de restablecimiento.<\/p>\r\n<!-- \/wp:paragraph --><!-- wp:heading -->\r\n<h2>Cu\u00e1nto tiempo conservamos tus datos<\/h2>\r\n<!-- \/wp:heading --><!-- wp:paragraph -->\r\n<p><strong class=\"privacy-policy-tutorial\">Texto sugerido: <\/strong>Si dejas un comentario, el comentario y sus metadatos se conservan indefinidamente. Esto es para que podamos reconocer y aprobar comentarios sucesivos autom\u00e1ticamente, en lugar de mantenerlos en una cola de moderaci\u00f3n.<\/p>\r\n<!-- \/wp:paragraph --><!-- wp:paragraph -->\r\n<p>De los usuarios que se registran en nuestra web (si los hay), tambi\u00e9n almacenamos la informaci\u00f3n personal que proporcionan en su perfil de usuario. Todos los usuarios pueden ver, editar o eliminar su informaci\u00f3n personal en cualquier momento (excepto que no pueden cambiar su nombre de usuario). Los administradores de la web tambi\u00e9n pueden ver y editar esa informaci\u00f3n.<\/p>\r\n<!-- \/wp:paragraph --><!-- wp:heading -->\r\n<h2>Qu\u00e9 derechos tienes sobre tus datos<\/h2>\r\n<!-- \/wp:heading --><!-- wp:paragraph -->\r\n<p><strong class=\"privacy-policy-tutorial\">Texto sugerido: <\/strong>Si tienes una cuenta o has dejado comentarios en esta web, puedes solicitar recibir un archivo de exportaci\u00f3n de los datos personales que tenemos sobre ti, incluyendo cualquier dato que nos hayas proporcionado. Tambi\u00e9n puedes solicitar que eliminemos cualquier dato personal que tengamos sobre ti. Esto no incluye ning\u00fan dato que estemos obligados a conservar con fines administrativos, legales o de seguridad.<\/p>\r\n<!-- \/wp:paragraph --><!-- wp:heading -->\r\n<h2>D\u00f3nde enviamos tus datos<\/h2>\r\n<!-- \/wp:heading --><!-- wp:paragraph -->\r\n<p><strong class=\"privacy-policy-tutorial\">Texto sugerido: <\/strong>Los comentarios de los visitantes puede que los revise un servicio de detecci\u00f3n autom\u00e1tica de spam.<\/p>\r\n<!-- \/wp:paragraph -->","_et_gb_content_width":"","footnotes":""},"class_list":["post-2307","page","type-page","status-publish","hentry"],"_links":{"self":[{"href":"https:\/\/www.admx.mx\/index.php?rest_route=\/wp\/v2\/pages\/2307","targetHints":{"allow":["GET"]}}],"collection":[{"href":"https:\/\/www.admx.mx\/index.php?rest_route=\/wp\/v2\/pages"}],"about":[{"href":"https:\/\/www.admx.mx\/index.php?rest_route=\/wp\/v2\/types\/page"}],"author":[{"embeddable":true,"href":"https:\/\/www.admx.mx\/index.php?rest_route=\/wp\/v2\/users\/4"}],"replies":[{"embeddable":true,"href":"https:\/\/www.admx.mx\/index.php?rest_route=%2Fwp%2Fv2%2Fcomments&post=2307"}],"version-history":[{"count":11,"href":"https:\/\/www.admx.mx\/index.php?rest_route=\/wp\/v2\/pages\/2307\/revisions"}],"predecessor-version":[{"id":2443,"href":"https:\/\/www.admx.mx\/index.php?rest_route=\/wp\/v2\/pages\/2307\/revisions\/2443"}],"wp:attachment":[{"href":"https:\/\/www.admx.mx\/index.php?rest_route=%2Fwp%2Fv2%2Fmedia&parent=2307"}],"curies":[{"name":"wp","href":"https:\/\/api.w.org\/{rel}","templated":true}]}}