{"id":1294,"date":"2020-08-13T15:39:34","date_gmt":"2020-08-13T20:39:34","guid":{"rendered":"https:\/\/www.admx.mx\/fabricaweb\/?page_id=1294"},"modified":"2021-03-24T21:49:11","modified_gmt":"2021-03-25T03:49:11","slug":"que-hace-un-asistente-de-direccion","status":"publish","type":"page","link":"https:\/\/www.admx.mx\/?page_id=1294","title":{"rendered":"\u00bfQu\u00e9 hace un Asistente de Direcci\u00f3n?"},"content":{"rendered":"<p>[et_pb_section fb_built=\u00bb1&#8243; admin_label=\u00bbService Section\u00bb _builder_version=\u00bb3.22&#8243; custom_margin=\u00bb|||\u00bb custom_padding=\u00bb110px||110px|\u00bb][et_pb_row admin_label=\u00bbService Section Title\u00bb _builder_version=\u00bb3.25&#8243; custom_margin=\u00bb||40px|\u00bb animation_style=\u00bbfade\u00bb animation_direction=\u00bbtop\u00bb saved_tabs=\u00bball\u00bb][et_pb_column type=\u00bb4_4&#8243; _builder_version=\u00bb3.25&#8243; custom_padding=\u00bb|||\u00bb custom_padding__hover=\u00bb|||\u00bb][et_pb_text content_tablet=\u00bb\u00bb content_phone=\u00bb<\/p>\n<h1><strong>\u00bfQU\u00c9 HACE UN ASISTENTE DE DIRECCI\u00d3N?<\/strong><\/h1>\n<p>\u00bb content_last_edited=\u00bbon|phone\u00bb admin_label=\u00bbTitle\u00bb _builder_version=\u00bb4.4.0&#8243; text_font=\u00bbMontserrat||||||||\u00bb text_text_color=\u00bb#747d88&#8243; text_font_size=\u00bb16px\u00bb text_line_height=\u00bb1.9em\u00bb header_font=\u00bb||||||||\u00bb header_2_font=\u00bbMontserrat|700||on|||||\u00bb header_2_font_size=\u00bb42px\u00bb header_2_line_height=\u00bb1.3em\u00bb text_orientation=\u00bbcenter\u00bb max_width=\u00bb700px\u00bb module_alignment=\u00bbcenter\u00bb animation_style=\u00bbslide\u00bb animation_direction=\u00bbbottom\u00bb animation_intensity_slide=\u00bb4%\u00bb]<\/p>\n<h2>\u00bfQU\u00c9 HACE UN ASISTENTE DE DIRECCI\u00d3N?<\/h2>\n<p>[\/et_pb_text][et_pb_text admin_label=\u00bbSubtitle\u00bb _builder_version=\u00bb4.4.0&#8243; text_font=\u00bbMontserrat||||\u00bb text_text_color=\u00bb#747d88&#8243; text_font_size=\u00bb16px\u00bb text_line_height=\u00bb1.8em\u00bb header_font=\u00bb||||||||\u00bb text_orientation=\u00bbcenter\u00bb max_width=\u00bb700px\u00bb module_alignment=\u00bbcenter\u00bb custom_margin=\u00bb|||\u00bb animation_style=\u00bbslide\u00bb animation_direction=\u00bbbottom\u00bb animation_delay=\u00bb100ms\u00bb animation_intensity_slide=\u00bb4%\u00bb]<\/p>\n<p>Conoce los diferentes <strong>puestos<\/strong> y <strong>responsabilidades<\/strong> de los Asistentes de Direcci\u00f3n:<\/p>\n<p>[\/et_pb_text][\/et_pb_column][\/et_pb_row][et_pb_row column_structure=\u00bb1_2,1_2&#8243; use_custom_gutter=\u00bbon\u00bb gutter_width=\u00bb2&#8243; make_equal=\u00bbon\u00bb admin_label=\u00bbServices\u00bb _builder_version=\u00bb4.4.0&#8243; max_width=\u00bb80%\u00bb custom_padding=\u00bb25px||25px|\u00bb use_custom_width=\u00bbon\u00bb width_unit=\u00bboff\u00bb][et_pb_column type=\u00bb1_2&#8243; _builder_version=\u00bb3.25&#8243; custom_padding=\u00bb|||\u00bb custom_padding__hover=\u00bb|||\u00bb][et_pb_blurb title=\u00bbPRIMER ASISTENTE DE DIRECCI\u00d3N\u00bb use_icon=\u00bbon\u00bb font_icon=\u00bb%%224%%\u00bb icon_color=\u00bb#fcd21d\u00bb use_icon_font_size=\u00bbon\u00bb icon_font_size=\u00bb60px\u00bb _builder_version=\u00bb4.4.0&#8243; header_font=\u00bbMontserrat|on|||\u00bb header_text_color=\u00bb#353740&#8243; header_font_size=\u00bb22px\u00bb header_line_height=\u00bb1.4em\u00bb body_font=\u00bbMontserrat||||\u00bb body_text_align=\u00bbjustify\u00bb body_text_color=\u00bb#747d88&#8243; body_font_size=\u00bb16px\u00bb body_line_height=\u00bb1.8em\u00bb text_orientation=\u00bbcenter\u00bb custom_margin=\u00bb0px|0px|0px|0px|false|false\u00bb custom_padding=\u00bb30px|0px|30px|0px||\u00bb animation_style=\u00bbzoom\u00bb animation_delay=\u00bb200ms\u00bb border_width_all=\u00bb0px\u00bb border_color_all=\u00bb#dddddd\u00bb border_style_all=\u00bbsolid\u00bb use_border_color=\u00bbon\u00bb border_color=\u00bb#dddddd\u00bb]<\/p>\n<p>El 1er Asistente de Direcci\u00f3n funge como mano derecha del Director y su funci\u00f3n primordial es cumplir la visi\u00f3n creativa del Director, en tiempo y presupuesto. Tiene conocimiento b\u00e1sico de cada departamento, as\u00ed como habilidades de comunicaci\u00f3n para delegar y relegar informaci\u00f3n de manera efectiva.<\/p>\n<p>Durante preproducci\u00f3n es el encargado de crear un plan de rodaje que cumpla con las necesidades y tome en cuenta los par\u00e1metros establecidos por Producci\u00f3n. Es el intermediario entre el director y el resto de los departamentos para los procesos y toma de decisiones creativas del proyecto.<\/p>\n<p>Durante rodaje es el responsable de correr el set, con apego al plan de trabajo previamente pactado. En pel\u00edculas y publicidad se encarga tambi\u00e9n de hacer los cambios al plan de rodaje pertinentes. En series, la responsabilidad de dicho plan recae principalmente en el planner, cuando existe esta figura. De la mano del 2do Asistente de Direcci\u00f3n, se encarga de<br \/> tener todos los elementos en tiempo y forma.<\/p>\n<p style=\"text-align: justify;\">Junto con el Gerente de Producci\u00f3n, es el encargado de revisar y reforzar las medidas de seguridad en el set en todo momento.<\/p>\n<p>[\/et_pb_blurb][\/et_pb_column][et_pb_column type=\u00bb1_2&#8243; _builder_version=\u00bb3.25&#8243; custom_padding=\u00bb|||\u00bb custom_padding__hover=\u00bb|||\u00bb][et_pb_blurb title=\u00bb2DO ASISTENTE DE DIRECCI\u00d3N\u00bb use_icon=\u00bbon\u00bb font_icon=\u00bb%%75%%\u00bb icon_color=\u00bb#fcd21d\u00bb use_icon_font_size=\u00bbon\u00bb icon_font_size=\u00bb60px\u00bb _builder_version=\u00bb4.4.0&#8243; header_font=\u00bbMontserrat|on|||\u00bb header_text_color=\u00bb#353740&#8243; header_font_size=\u00bb22px\u00bb header_line_height=\u00bb1.4em\u00bb body_font=\u00bbMontserrat||||\u00bb body_text_align=\u00bbjustify\u00bb body_text_color=\u00bb#747d88&#8243; body_font_size=\u00bb16px\u00bb body_line_height=\u00bb1.8em\u00bb text_orientation=\u00bbcenter\u00bb custom_margin=\u00bb0px|0px|0px|0px|false|false\u00bb custom_padding=\u00bb30px|0px|30px|0px||\u00bb animation_style=\u00bbzoom\u00bb animation_delay=\u00bb200ms\u00bb border_width_all=\u00bb0px\u00bb border_color_all=\u00bb#dddddd\u00bb border_style_all=\u00bbsolid\u00bb use_border_color=\u00bbon\u00bb border_color=\u00bb#dddddd\u00bb]<\/p>\n<p style=\"text-align: justify;\">El 2do Asistente de Direcci\u00f3n trabaja como mano derecha del 1er Asistente de Direcci\u00f3n. Durante preproducci\u00f3n ayuda en el desglose de las necesidades del guion. Tambi\u00e9n se encarga de coordinar los preparativos referentes a los dem\u00e1s departamentos (con ayuda de Producci\u00f3n) y del reparto (juntas, ensayos, pruebas, scoutings, etc). Asimismo es responsable de la comunicaci\u00f3n interdepartamental en todo momento al elaborar una agenda diaria del siguiente d\u00eda.<\/p>\n<p style=\"text-align: justify;\">A lo largo del rodaje es la figura que conecta los procesos preparativos del campamento base con el set. Debe asegurarse de que estos ocurran correctamente para poder cumplir con los tiempos del plan de rodaje y las necesidades previamente desglosadas del guion. Est\u00e1 atento al set y siempre un paso adelante, preparando la log\u00edstica de las escenas siguientes del llamado y de los d\u00edas subsecuentes. Asimismo, es el contacto para distribuir informaci\u00f3n oficial y agendar pruebas con todos los actores.<\/p>\n<p style=\"text-align: justify;\">Es el responsable de elaborar diariamente la hoja de llamado, en donde incluye necesidades por departamento y horarios. Se encarga de la elaboraci\u00f3n de reportes sindicales de actores (e.g. Exhibit G\u2019s, reportes de ANDA, supervisa reportes de extras).<\/p>\n<p style=\"text-align: justify;\">En series y pel\u00edculas de alta complejidad, existe la figura del Key 2ndAD. Es el elemento del equipo de Direcci\u00f3n que concentra y distribuye la informaci\u00f3n de todo el proyecto. Tiene la capacidad de publicar cambios en el plan de trabajo, siempre bajo instrucciones del 1er AD y del Productor.<\/p>\n<p>[\/et_pb_blurb][\/et_pb_column][\/et_pb_row][et_pb_row column_structure=\u00bb1_2,1_2&#8243; use_custom_gutter=\u00bbon\u00bb gutter_width=\u00bb2&#8243; make_equal=\u00bbon\u00bb admin_label=\u00bbServices\u00bb _builder_version=\u00bb4.4.0&#8243; max_width=\u00bb80%\u00bb custom_padding=\u00bb25px||25px|\u00bb use_custom_width=\u00bbon\u00bb width_unit=\u00bboff\u00bb][et_pb_column type=\u00bb1_2&#8243; _builder_version=\u00bb3.25&#8243; custom_padding=\u00bb|||\u00bb custom_padding__hover=\u00bb|||\u00bb][et_pb_blurb title=\u00bbPLANNER\u00bb use_icon=\u00bbon\u00bb font_icon=\u00bb%%150%%\u00bb icon_color=\u00bb#fcd21d\u00bb use_icon_font_size=\u00bbon\u00bb icon_font_size=\u00bb60px\u00bb _builder_version=\u00bb4.4.0&#8243; header_font=\u00bbMontserrat|on|||\u00bb header_text_color=\u00bb#353740&#8243; header_font_size=\u00bb22px\u00bb header_line_height=\u00bb1.4em\u00bb body_font=\u00bbMontserrat||||\u00bb body_text_color=\u00bb#747d88&#8243; body_font_size=\u00bb16px\u00bb body_line_height=\u00bb1.8em\u00bb text_orientation=\u00bbcenter\u00bb custom_padding=\u00bb30px|30px|30px|30px\u00bb animation_style=\u00bbzoom\u00bb border_width_all=\u00bb0px\u00bb border_color_all=\u00bb#dddddd\u00bb border_style_all=\u00bbsolid\u00bb use_border_color=\u00bbon\u00bb border_color=\u00bb#dddddd\u00bb]<\/p>\n<p style=\"text-align: justify;\">Es un Asistente de Direcci\u00f3n que se enfoca en la elaboraci\u00f3n y manejo del plan de rodaje, durante la preproducci\u00f3n y rodaje de series.<\/p>\n<p style=\"text-align: justify;\">Normalmente, se necesita un planner cuando se empieza a filmar sin tener todos los guiones finales, por lo que no se puede elaborar el plan de rodaje en su totalidad, y se contin\u00faa trabajando en el mismo una vez iniciada la filmaci\u00f3n.<\/p>\n<p style=\"text-align: justify;\">Tambi\u00e9n es com\u00fan su presencia cuando existen varias unidades simult\u00e1neas. Suele trabajar mayormente desde la oficina, pero parte de sus obligaciones es asistir a los scoutings y, en ocasiones, al set. Aunque es parte del equipo de Asistentes de Direcci\u00f3n, es subordinado directo del Productor.<\/p>\n<p>[\/et_pb_blurb][\/et_pb_column][et_pb_column type=\u00bb1_2&#8243; _builder_version=\u00bb3.25&#8243; custom_padding=\u00bb|||\u00bb custom_padding__hover=\u00bb|||\u00bb][et_pb_blurb title=\u00bb2DO 2DO ASISTENTE DE DIRECCI\u00d3N\u00bb use_icon=\u00bbon\u00bb font_icon=\u00bb%%176%%\u00bb icon_color=\u00bb#fcd21d\u00bb use_icon_font_size=\u00bbon\u00bb icon_font_size=\u00bb60px\u00bb _builder_version=\u00bb4.4.0&#8243; header_font=\u00bbMontserrat|on|||\u00bb header_text_color=\u00bb#353740&#8243; header_font_size=\u00bb22px\u00bb header_line_height=\u00bb1.4em\u00bb body_font=\u00bbMontserrat||||\u00bb body_text_color=\u00bb#747d88&#8243; body_font_size=\u00bb16px\u00bb body_line_height=\u00bb1.8em\u00bb text_orientation=\u00bbcenter\u00bb custom_padding=\u00bb30px|30px|30px|30px\u00bb animation_style=\u00bbzoom\u00bb border_width_all=\u00bb0px\u00bb border_color_all=\u00bb#dddddd\u00bb border_style_all=\u00bbsolid\u00bb use_border_color=\u00bbon\u00bb border_color=\u00bb#dddddd\u00bb]<\/p>\n<p style=\"text-align: justify;\">El 2do 2do Asistente de Direcci\u00f3n es la mano derecha del 1er AD en el set, donde se encarga de dise\u00f1ar coreograf\u00edas para extras, ayudar a coordinar a todos los departamentos y estar atento a las necesidades de los actores. Suele apoyarse en set PA\u2019s y coordinadores de extras.<\/p>\n<p style=\"text-align: justify;\">Durante el arranque del llamado ayuda al 2do AD en los procesos preparativos del campamento base, as\u00ed como a registrar tiempos para reportes de direcci\u00f3n.<\/p>\n<p style=\"text-align: justify;\">En ocasiones, existen dos 2do 2dos: uno encargado de set y otro de basecamp. En caso de existir, este \u00faltimo es la mano derecha del Key 2nd AD, y es responsable de los preparativos de basecamp durante todo el rodaje.<\/p>\n<p>[\/et_pb_blurb][\/et_pb_column][\/et_pb_row][\/et_pb_section]<\/p>\n","protected":false},"excerpt":{"rendered":"<p>\u00bfQU\u00c9 HACE UN ASISTENTE DE DIRECCI\u00d3N?Conoce los diferentes puestos y responsabilidades de los Asistentes de Direcci\u00f3n:El 1er Asistente de Direcci\u00f3n funge como mano derecha del Director y su funci\u00f3n primordial es cumplir la visi\u00f3n creativa del Director, en tiempo y presupuesto. Tiene conocimiento b\u00e1sico de cada departamento, as\u00ed como habilidades de comunicaci\u00f3n para delegar y [&hellip;]<\/p>\n","protected":false},"author":4,"featured_media":0,"parent":0,"menu_order":0,"comment_status":"closed","ping_status":"closed","template":"","meta":{"_et_pb_use_builder":"on","_et_pb_old_content":"","_et_gb_content_width":"","footnotes":""},"class_list":["post-1294","page","type-page","status-publish","hentry"],"_links":{"self":[{"href":"https:\/\/www.admx.mx\/index.php?rest_route=\/wp\/v2\/pages\/1294","targetHints":{"allow":["GET"]}}],"collection":[{"href":"https:\/\/www.admx.mx\/index.php?rest_route=\/wp\/v2\/pages"}],"about":[{"href":"https:\/\/www.admx.mx\/index.php?rest_route=\/wp\/v2\/types\/page"}],"author":[{"embeddable":true,"href":"https:\/\/www.admx.mx\/index.php?rest_route=\/wp\/v2\/users\/4"}],"replies":[{"embeddable":true,"href":"https:\/\/www.admx.mx\/index.php?rest_route=%2Fwp%2Fv2%2Fcomments&post=1294"}],"version-history":[{"count":10,"href":"https:\/\/www.admx.mx\/index.php?rest_route=\/wp\/v2\/pages\/1294\/revisions"}],"predecessor-version":[{"id":2381,"href":"https:\/\/www.admx.mx\/index.php?rest_route=\/wp\/v2\/pages\/1294\/revisions\/2381"}],"wp:attachment":[{"href":"https:\/\/www.admx.mx\/index.php?rest_route=%2Fwp%2Fv2%2Fmedia&parent=1294"}],"curies":[{"name":"wp","href":"https:\/\/api.w.org\/{rel}","templated":true}]}}