{"id":1021,"date":"2020-08-08T13:08:47","date_gmt":"2020-08-08T18:08:47","guid":{"rendered":"https:\/\/www.admx.mx\/fabricaweb\/?page_id=1021"},"modified":"2021-08-18T11:33:06","modified_gmt":"2021-08-18T16:33:06","slug":"mesa-campana","status":"publish","type":"page","link":"https:\/\/www.admx.mx\/?page_id=1021","title":{"rendered":"Mesa Campa\u00f1a"},"content":{"rendered":"<p>[et_pb_section fb_built=\u00bb1&#8243; _builder_version=\u00bb4.4.0&#8243; background_color=\u00bb#1f232f\u00bb][et_pb_row _builder_version=\u00bb4.4.0&#8243;][et_pb_column type=\u00bb4_4&#8243; _builder_version=\u00bb4.4.0&#8243;][et_pb_text _builder_version=\u00bb4.4.0&#8243; text_font=\u00bbOswald||||||||\u00bb text_text_color=\u00bb#ffffff\u00bb text_font_size=\u00bb30px\u00bb]<\/p>\n<p>MESA CAMPA\u00d1A<\/p>\n<p>[\/et_pb_text][\/et_pb_column][\/et_pb_row][\/et_pb_section][et_pb_section fb_built=\u00bb1&#8243; specialty=\u00bbon\u00bb _builder_version=\u00bb4.4.0&#8243;][et_pb_column type=\u00bb2_3&#8243; specialty_columns=\u00bb2&#8243; _builder_version=\u00bb3.25&#8243; custom_padding=\u00bb|||\u00bb custom_padding__hover=\u00bb|||\u00bb][et_pb_row_inner _builder_version=\u00bb4.4.0&#8243;][et_pb_column_inner saved_specialty_column_type=\u00bb2_3&#8243; _builder_version=\u00bb4.4.0&#8243;][et_pb_text _builder_version=\u00bb4.4.0&#8243; text_font_size=\u00bb25px\u00bb text_orientation=\u00bbjustified\u00bb]<\/p>\n<p>OBJETIVOS<\/p>\n<p>[\/et_pb_text][et_pb_text _builder_version=\u00bb4.4.0&#8243; text_orientation=\u00bbjustified\u00bb]<\/p>\n<p>Desarrollar la estrategia, la comunicaci\u00f3n y la creatividad para realizar una campa\u00f1a donde se busca sensibilizar y presionar a los anunciantes para que los pagos de los servicios realizados sucedan en los siguientes treinta d\u00edas naturales al \u00faltimo d\u00eda trabajado. Esta campa\u00f1a es una colaboraci\u00f3n entre AMFI y los diferentes gremios (Producci\u00f3n, AMC, Locaciones, Vestuario, Arte y Maquillaje).<\/p>\n<p>[\/et_pb_text][\/et_pb_column_inner][\/et_pb_row_inner][et_pb_row_inner _builder_version=\u00bb4.4.0&#8243; background_color=\u00bb#1f232f\u00bb][et_pb_column_inner saved_specialty_column_type=\u00bb2_3&#8243; _builder_version=\u00bb4.4.0&#8243;][et_pb_text _builder_version=\u00bb4.4.0&#8243; text_text_color=\u00bb#ffffff\u00bb text_font_size=\u00bb25px\u00bb custom_margin=\u00bb|||0px|false|false\u00bb custom_padding=\u00bb|||0px|false|false\u00bb border_radii=\u00bbon|5px|5px|5px|5px\u00bb border_width_all=\u00bb30px\u00bb border_color_all=\u00bbrgba(0,0,0,0)\u00bb]<\/p>\n<p>PROYECTOS EN CURSO<\/p>\n<p>[\/et_pb_text][et_pb_text _builder_version=\u00bb4.4.0&#8243; text_text_color=\u00bb#ffffff\u00bb custom_margin=\u00bb|||0px|false|false\u00bb custom_padding=\u00bb|||0px|false|false\u00bb border_radii=\u00bbon|5px|5px|5px|5px\u00bb border_width_all=\u00bb30px\u00bb border_color_all=\u00bbrgba(0,0,0,0)\u00bb]<\/p>\n<p>\u00a0Desarrollo y producci\u00f3n de campa\u00f1a #NuncaM\u00e1sDe30<\/p>\n<p>[\/et_pb_text][\/et_pb_column_inner][\/et_pb_row_inner][\/et_pb_column][et_pb_column type=\u00bb1_3&#8243; _builder_version=\u00bb3.25&#8243; custom_padding=\u00bb|||\u00bb custom_padding__hover=\u00bb|||\u00bb][et_pb_gallery gallery_ids=\u00bb401&#8243; posts_number=\u00bb6&#8243; orientation=\u00bbportrait\u00bb show_title_and_caption=\u00bboff\u00bb _builder_version=\u00bb4.4.0&#8243; transform_origin=\u00bb50%|106%\u00bb border_radii_image=\u00bboff||||\u00bb][\/et_pb_gallery][et_pb_text _builder_version=\u00bb4.4.0&#8243; text_letter_spacing=\u00bb-1px\u00bb]<\/p>\n<p><strong>Paco Llaca<br \/><\/strong><\/p>\n<p>Representante de la mesa campa\u00f1a<\/p>\n<p>[\/et_pb_text][et_pb_blurb title=\u00bbEmail\u00bb use_icon=\u00bbon\u00bb font_icon=\u00bb%%238%%\u00bb icon_color=\u00bb#ffffff\u00bb icon_placement=\u00bbleft\u00bb content_max_width=\u00bb1100px\u00bb _builder_version=\u00bb4.4.0&#8243; header_font=\u00bb|800||on|||||\u00bb header_font_size=\u00bb16px\u00bb header_letter_spacing=\u00bb0.5px\u00bb header_line_height=\u00bb1.7em\u00bb body_font=\u00bbOpen Sans||||||||\u00bb body_line_height=\u00bb2em\u00bb background_color=\u00bb#1f232f\u00bb background_layout=\u00bbdark\u00bb custom_margin=\u00bb39px|||||\u00bb custom_padding=\u00bb|||19px||\u00bb locked=\u00bboff\u00bb]<\/p>\n<h5>comitecampana@admx.mx<\/h5>\n<p>[\/et_pb_blurb][\/et_pb_column][\/et_pb_section][et_pb_section fb_built=\u00bb1&#8243; disabled_on=\u00bboff|off|off\u00bb _builder_version=\u00bb4.4.0&#8243; locked=\u00bboff\u00bb][et_pb_row column_structure=\u00bb1_4,1_4,1_4,1_4&#8243; _builder_version=\u00bb4.4.0&#8243;][et_pb_column type=\u00bb1_4&#8243; _builder_version=\u00bb4.4.0&#8243;][et_pb_testimonial author=\u00bbPaco Llaca\u00bb job_title=\u00bbpllaca@admx.mx\u00bb portrait_url=\u00bbhttps:\/\/www.admx.mx\/fabricaweb\/wp-content\/uploads\/2020\/08\/082-Paco-Llaca-2.jpeg\u00bb quote_icon=\u00bboff\u00bb _builder_version=\u00bb4.4.0&#8243; body_font=\u00bbMontserrat||||\u00bb body_text_color=\u00bb#747d88&#8243; body_font_size=\u00bb16px\u00bb body_line_height=\u00bb1.8em\u00bb use_background_color=\u00bboff\u00bb text_orientation=\u00bbcenter\u00bb animation_style=\u00bbslide\u00bb animation_direction=\u00bbright\u00bb animation_intensity_slide=\u00bb20%\u00bb text_orientation_tablet=\u00bb\u00bb text_orientation_phone=\u00bbcenter\u00bb text_orientation_last_edited=\u00bbon|phone\u00bb locked=\u00bboff\u00bb][\/et_pb_testimonial][\/et_pb_column][et_pb_column type=\u00bb1_4&#8243; _builder_version=\u00bb4.4.0&#8243;][et_pb_testimonial author=\u00bbOmar Rangel\u00bb job_title=\u00bborangel@admx.mx\u00bb portrait_url=\u00bbhttps:\/\/www.admx.mx\/fabricaweb\/wp-content\/uploads\/2020\/08\/051-Omar-Rangel.jpg\u00bb quote_icon=\u00bboff\u00bb _builder_version=\u00bb4.4.0&#8243; body_font=\u00bbMontserrat||||\u00bb body_text_color=\u00bb#747d88&#8243; body_font_size=\u00bb16px\u00bb body_line_height=\u00bb1.8em\u00bb use_background_color=\u00bboff\u00bb text_orientation=\u00bbcenter\u00bb animation_style=\u00bbslide\u00bb animation_direction=\u00bbright\u00bb animation_intensity_slide=\u00bb20%\u00bb text_orientation_tablet=\u00bb\u00bb text_orientation_phone=\u00bbcenter\u00bb text_orientation_last_edited=\u00bbon|phone\u00bb locked=\u00bboff\u00bb][\/et_pb_testimonial][\/et_pb_column][et_pb_column type=\u00bb1_4&#8243; _builder_version=\u00bb4.4.0&#8243;][et_pb_testimonial author=\u00bbCynthia Mar\u00edn\u00bb job_title=\u00bbcmarin@admx.mx\u00bb portrait_url=\u00bbhttps:\/\/www.admx.mx\/fabricaweb\/wp-content\/uploads\/2020\/08\/057-Cynthia-Mar\u00edn.jpg\u00bb quote_icon=\u00bboff\u00bb _builder_version=\u00bb4.4.0&#8243; body_font=\u00bbMontserrat||||\u00bb body_text_color=\u00bb#747d88&#8243; body_font_size=\u00bb16px\u00bb body_line_height=\u00bb1.8em\u00bb use_background_color=\u00bboff\u00bb text_orientation=\u00bbcenter\u00bb animation_style=\u00bbslide\u00bb animation_direction=\u00bbright\u00bb animation_intensity_slide=\u00bb20%\u00bb text_orientation_tablet=\u00bb\u00bb text_orientation_phone=\u00bbcenter\u00bb text_orientation_last_edited=\u00bbon|phone\u00bb locked=\u00bboff\u00bb][\/et_pb_testimonial][\/et_pb_column][et_pb_column type=\u00bb1_4&#8243; _builder_version=\u00bb4.4.0&#8243;][et_pb_testimonial author=\u00bbMauricio Coronado\u00bb job_title=\u00bbmcoronado@admx.mx\u00bb portrait_url=\u00bbhttps:\/\/www.admx.mx\/fabricaweb\/wp-content\/uploads\/2020\/08\/030-Mauricio-Coronado.jpg\u00bb quote_icon=\u00bboff\u00bb _builder_version=\u00bb4.4.0&#8243; body_font=\u00bbMontserrat||||\u00bb body_text_color=\u00bb#747d88&#8243; body_font_size=\u00bb16px\u00bb body_line_height=\u00bb1.8em\u00bb use_background_color=\u00bboff\u00bb text_orientation=\u00bbcenter\u00bb animation_style=\u00bbslide\u00bb animation_direction=\u00bbleft\u00bb animation_intensity_slide=\u00bb20%\u00bb text_orientation_tablet=\u00bb\u00bb text_orientation_phone=\u00bbcenter\u00bb text_orientation_last_edited=\u00bbon|phone\u00bb locked=\u00bboff\u00bb][\/et_pb_testimonial][\/et_pb_column][\/et_pb_row][et_pb_row column_structure=\u00bb1_4,1_4,1_4,1_4&#8243; _builder_version=\u00bb4.4.0&#8243;][et_pb_column type=\u00bb1_4&#8243; _builder_version=\u00bb4.4.0&#8243;][et_pb_testimonial author=\u00bbMontserrat Villanueva\u00bb job_title=\u00bbmvillanueva@admx.mx\u00bb portrait_url=\u00bbhttps:\/\/www.admx.mx\/fabricaweb\/wp-content\/uploads\/2020\/08\/107-Montserrat-Villanueva-scaled.jpg\u00bb quote_icon=\u00bboff\u00bb _builder_version=\u00bb4.4.0&#8243; body_font=\u00bbMontserrat||||\u00bb body_text_color=\u00bb#747d88&#8243; body_font_size=\u00bb16px\u00bb body_line_height=\u00bb1.8em\u00bb use_background_color=\u00bboff\u00bb text_orientation=\u00bbcenter\u00bb animation_style=\u00bbslide\u00bb animation_direction=\u00bbright\u00bb animation_intensity_slide=\u00bb20%\u00bb text_orientation_tablet=\u00bb\u00bb text_orientation_phone=\u00bbcenter\u00bb text_orientation_last_edited=\u00bbon|phone\u00bb locked=\u00bboff\u00bb][\/et_pb_testimonial][\/et_pb_column][et_pb_column type=\u00bb1_4&#8243; _builder_version=\u00bb4.4.0&#8243;][et_pb_testimonial author=\u00bbAlejandro Laviada\u00bb job_title=\u00bbalaviada@admx.mx\u00bb portrait_url=\u00bbhttps:\/\/www.admx.mx\/fabricaweb\/wp-content\/uploads\/2020\/08\/062-Alejandro-Laviada.jpg\u00bb quote_icon=\u00bboff\u00bb _builder_version=\u00bb4.4.0&#8243; body_font=\u00bbMontserrat||||\u00bb body_text_color=\u00bb#747d88&#8243; body_font_size=\u00bb16px\u00bb body_line_height=\u00bb1.8em\u00bb use_background_color=\u00bboff\u00bb text_orientation=\u00bbcenter\u00bb animation_style=\u00bbslide\u00bb animation_direction=\u00bbright\u00bb animation_intensity_slide=\u00bb20%\u00bb text_orientation_tablet=\u00bb\u00bb text_orientation_phone=\u00bbcenter\u00bb text_orientation_last_edited=\u00bbon|phone\u00bb locked=\u00bboff\u00bb][\/et_pb_testimonial][\/et_pb_column][et_pb_column type=\u00bb1_4&#8243; _builder_version=\u00bb4.4.0&#8243;][\/et_pb_column][et_pb_column type=\u00bb1_4&#8243; _builder_version=\u00bb4.4.0&#8243;][\/et_pb_column][\/et_pb_row][\/et_pb_section][et_pb_section fb_built=\u00bb1&#8243; _builder_version=\u00bb4.4.0&#8243; locked=\u00bboff\u00bb][et_pb_row _builder_version=\u00bb4.4.0&#8243; background_color=\u00bb#1f232f\u00bb locked=\u00bboff\u00bb][et_pb_column type=\u00bb4_4&#8243; _builder_version=\u00bb4.4.0&#8243;][et_pb_text _builder_version=\u00bb4.4.0&#8243; text_text_color=\u00bb#ffffff\u00bb text_font_size=\u00bb25px\u00bb text_orientation=\u00bbcenter\u00bb custom_margin=\u00bb|||0px|false|false\u00bb custom_padding=\u00bb|||0px|false|false\u00bb border_radii=\u00bbon|5px|5px|5px|5px\u00bb border_width_all=\u00bb30px\u00bb border_color_all=\u00bbrgba(0,0,0,0)\u00bb]<\/p>\n<p>OYENTES<\/p>\n<p>[\/et_pb_text][\/et_pb_column][\/et_pb_row][et_pb_row column_structure=\u00bb1_2,1_2&#8243; _builder_version=\u00bb4.4.0&#8243;][et_pb_column type=\u00bb1_2&#8243; _builder_version=\u00bb4.4.0&#8243;][et_pb_testimonial author=\u00bbLuciano Privitera\u00bb job_title=\u00bblprivitera@admx.mx\u00bb portrait_url=\u00bbhttps:\/\/www.admx.mx\/fabricaweb\/wp-content\/uploads\/2020\/08\/078-Luciano-Privitera.jpeg\u00bb quote_icon=\u00bboff\u00bb _builder_version=\u00bb4.4.0&#8243; body_font=\u00bbMontserrat||||\u00bb body_text_color=\u00bb#747d88&#8243; body_font_size=\u00bb16px\u00bb body_line_height=\u00bb1.8em\u00bb use_background_color=\u00bboff\u00bb text_orientation=\u00bbcenter\u00bb animation_style=\u00bbslide\u00bb animation_direction=\u00bbright\u00bb animation_intensity_slide=\u00bb20%\u00bb text_orientation_tablet=\u00bb\u00bb text_orientation_phone=\u00bbcenter\u00bb text_orientation_last_edited=\u00bbon|phone\u00bb locked=\u00bboff\u00bb][\/et_pb_testimonial][\/et_pb_column][et_pb_column type=\u00bb1_2&#8243; _builder_version=\u00bb4.4.0&#8243;][et_pb_testimonial author=\u00bbBernardo Jasso\u00bb job_title=\u00bbjbjasso@admx.mx\u00bb portrait_url=\u00bbhttps:\/\/www.admx.mx\/fabricaweb\/wp-content\/uploads\/2020\/07\/Jasso.png\u00bb quote_icon=\u00bboff\u00bb _builder_version=\u00bb4.4.0&#8243; body_font=\u00bbMontserrat||||\u00bb body_text_color=\u00bb#747d88&#8243; body_font_size=\u00bb16px\u00bb body_line_height=\u00bb1.8em\u00bb use_background_color=\u00bboff\u00bb text_orientation=\u00bbcenter\u00bb animation_style=\u00bbslide\u00bb animation_direction=\u00bbright\u00bb animation_intensity_slide=\u00bb20%\u00bb text_orientation_tablet=\u00bb\u00bb text_orientation_phone=\u00bbcenter\u00bb text_orientation_last_edited=\u00bbon|phone\u00bb locked=\u00bboff\u00bb][\/et_pb_testimonial][\/et_pb_column][\/et_pb_row][\/et_pb_section][et_pb_section fb_built=\u00bb1&#8243; admin_label=\u00bbSeparador\u00bb _builder_version=\u00bb4.2.2&#8243; collapsed=\u00bboff\u00bb][et_pb_row _builder_version=\u00bb4.2.2&#8243; collapsed=\u00bbon\u00bb][et_pb_column type=\u00bb4_4&#8243; _builder_version=\u00bb4.2.2&#8243;][et_pb_divider _builder_version=\u00bb4.2.2&#8243;][\/et_pb_divider][\/et_pb_column][\/et_pb_row][\/et_pb_section]<\/p>\n","protected":false},"excerpt":{"rendered":"<p>MESA CAMPA\u00d1AOBJETIVOSDesarrollar la estrategia, la comunicaci\u00f3n y la creatividad para realizar una campa\u00f1a donde se busca sensibilizar y presionar a los anunciantes para que los pagos de los servicios realizados sucedan en los siguientes treinta d\u00edas naturales al \u00faltimo d\u00eda trabajado. Esta campa\u00f1a es una colaboraci\u00f3n entre AMFI y los diferentes gremios (Producci\u00f3n, AMC, Locaciones, [&hellip;]<\/p>\n","protected":false},"author":4,"featured_media":0,"parent":0,"menu_order":0,"comment_status":"closed","ping_status":"closed","template":"","meta":{"_et_pb_use_builder":"on","_et_pb_old_content":"","_et_gb_content_width":"","footnotes":""},"class_list":["post-1021","page","type-page","status-publish","hentry"],"_links":{"self":[{"href":"https:\/\/www.admx.mx\/index.php?rest_route=\/wp\/v2\/pages\/1021","targetHints":{"allow":["GET"]}}],"collection":[{"href":"https:\/\/www.admx.mx\/index.php?rest_route=\/wp\/v2\/pages"}],"about":[{"href":"https:\/\/www.admx.mx\/index.php?rest_route=\/wp\/v2\/types\/page"}],"author":[{"embeddable":true,"href":"https:\/\/www.admx.mx\/index.php?rest_route=\/wp\/v2\/users\/4"}],"replies":[{"embeddable":true,"href":"https:\/\/www.admx.mx\/index.php?rest_route=%2Fwp%2Fv2%2Fcomments&post=1021"}],"version-history":[{"count":10,"href":"https:\/\/www.admx.mx\/index.php?rest_route=\/wp\/v2\/pages\/1021\/revisions"}],"predecessor-version":[{"id":1649,"href":"https:\/\/www.admx.mx\/index.php?rest_route=\/wp\/v2\/pages\/1021\/revisions\/1649"}],"wp:attachment":[{"href":"https:\/\/www.admx.mx\/index.php?rest_route=%2Fwp%2Fv2%2Fmedia&parent=1021"}],"curies":[{"name":"wp","href":"https:\/\/api.w.org\/{rel}","templated":true}]}}