{"id":1018,"date":"2020-08-08T13:07:34","date_gmt":"2020-08-08T18:07:34","guid":{"rendered":"https:\/\/www.admx.mx\/fabricaweb\/?page_id=1018"},"modified":"2020-08-25T10:51:48","modified_gmt":"2020-08-25T15:51:48","slug":"mesa-manifiesto","status":"publish","type":"page","link":"https:\/\/www.admx.mx\/?page_id=1018","title":{"rendered":"Mesa Manifiesto"},"content":{"rendered":"<p>[et_pb_section fb_built=\u00bb1&#8243; _builder_version=\u00bb4.4.0&#8243; background_color=\u00bb#1f232f\u00bb][et_pb_row _builder_version=\u00bb4.4.0&#8243;][et_pb_column type=\u00bb4_4&#8243; _builder_version=\u00bb4.4.0&#8243;][et_pb_text _builder_version=\u00bb4.4.0&#8243; text_font=\u00bbOswald||||||||\u00bb text_text_color=\u00bb#ffffff\u00bb text_font_size=\u00bb30px\u00bb]<\/p>\n<p>MESA MANIFIESTO<\/p>\n<p>[\/et_pb_text][\/et_pb_column][\/et_pb_row][\/et_pb_section][et_pb_section fb_built=\u00bb1&#8243; specialty=\u00bbon\u00bb _builder_version=\u00bb4.4.0&#8243;][et_pb_column type=\u00bb2_3&#8243; specialty_columns=\u00bb2&#8243; _builder_version=\u00bb3.25&#8243; custom_padding=\u00bb|||\u00bb custom_padding__hover=\u00bb|||\u00bb][et_pb_row_inner _builder_version=\u00bb4.4.0&#8243;][et_pb_column_inner saved_specialty_column_type=\u00bb2_3&#8243; _builder_version=\u00bb4.4.0&#8243;][et_pb_text _builder_version=\u00bb4.4.0&#8243; text_font_size=\u00bb25px\u00bb text_orientation=\u00bbjustified\u00bb]<\/p>\n<p>OBJETIVOS<\/p>\n<p>[\/et_pb_text][et_pb_text _builder_version=\u00bb4.4.0&#8243; text_orientation=\u00bbjustified\u00bb]<\/p>\n<p>Buscamos crear un documento manifiesto que represente la postura y los lineamientos para el gremio de ADSMEX, tomando en cuenta los siguientes puntos:<\/p>\n<p>&nbsp;<\/p>\n<ul>\n<li>Trabajo bajo contrato<\/li>\n<li>Pago justo y puntual<\/li>\n<li>Jornadas de trabajo dignas<\/li>\n<li>Ambiente seguro e \u00edntegro<\/li>\n<li>Respeto e igualdad<\/li>\n<li>Capacitaci\u00f3n y profesionalizaci\u00f3n<\/li>\n<li>Compromiso y transparencia<\/li>\n<\/ul>\n<p>[\/et_pb_text][\/et_pb_column_inner][\/et_pb_row_inner][et_pb_row_inner _builder_version=\u00bb4.4.0&#8243; background_color=\u00bb#1f232f\u00bb][et_pb_column_inner saved_specialty_column_type=\u00bb2_3&#8243; _builder_version=\u00bb4.4.0&#8243;][et_pb_text _builder_version=\u00bb4.4.0&#8243; text_text_color=\u00bb#ffffff\u00bb text_font_size=\u00bb25px\u00bb custom_margin=\u00bb|||0px|false|false\u00bb custom_padding=\u00bb|||0px|false|false\u00bb border_radii=\u00bbon|5px|5px|5px|5px\u00bb border_width_all=\u00bb30px\u00bb border_color_all=\u00bbrgba(0,0,0,0)\u00bb]<\/p>\n<p>PROYECTOS EN CURSO<\/p>\n<p>[\/et_pb_text][et_pb_text _builder_version=\u00bb4.4.0&#8243; text_text_color=\u00bb#ffffff\u00bb custom_margin=\u00bb|||0px|false|false\u00bb custom_padding=\u00bb|||0px|false|false\u00bb border_radii=\u00bbon|5px|5px|5px|5px\u00bb border_width_all=\u00bb30px\u00bb border_color_all=\u00bbrgba(0,0,0,0)\u00bb]<\/p>\n<ul>\n<li>Elaboraci\u00f3n de manifiesto que represente nuestra sociedad y sirva de base para futura evoluci\u00f3n del gremio.<\/li>\n<li>Elaboraci\u00f3n de un cuestionario de nivel de capacitaci\u00f3n de socios activos.\u2028<\/li>\n<\/ul>\n<p>[\/et_pb_text][\/et_pb_column_inner][\/et_pb_row_inner][et_pb_row_inner _builder_version=\u00bb4.4.0&#8243;][et_pb_column_inner saved_specialty_column_type=\u00bb2_3&#8243; _builder_version=\u00bb4.4.0&#8243;][et_pb_text _builder_version=\u00bb4.4.0&#8243; text_font_size=\u00bb25px\u00bb text_orientation=\u00bbjustified\u00bb]<\/p>\n<p>RESULTADOS<\/p>\n<p>[\/et_pb_text][et_pb_text _builder_version=\u00bb4.4.0&#8243; text_orientation=\u00bbjustified\u00bb]<\/p>\n<p>Se trabaj\u00f3 en una propuesta a pago de 30 d\u00edas, buenas pr\u00e1cticas en general y jornadas laborales justas, lo que dio como resultado la Mesa Campa\u00f1a. \u2028\u2028<\/p>\n<p>&nbsp;<\/p>\n<p>[\/et_pb_text][\/et_pb_column_inner][\/et_pb_row_inner][\/et_pb_column][et_pb_column type=\u00bb1_3&#8243; _builder_version=\u00bb3.25&#8243; custom_padding=\u00bb|||\u00bb custom_padding__hover=\u00bb|||\u00bb][et_pb_gallery gallery_ids=\u00bb401&#8243; posts_number=\u00bb6&#8243; orientation=\u00bbportrait\u00bb show_title_and_caption=\u00bboff\u00bb _builder_version=\u00bb4.4.0&#8243; transform_origin=\u00bb50%|106%\u00bb border_radii_image=\u00bboff||||\u00bb][\/et_pb_gallery][et_pb_text _builder_version=\u00bb4.4.0&#8243; text_letter_spacing=\u00bb-1px\u00bb]<\/p>\n<p><strong>Alejandro Laviada<br \/><\/strong><\/p>\n<p>Representante de la mesa manifiesto<\/p>\n<p>[\/et_pb_text][et_pb_text _builder_version=\u00bb4.4.0&#8243; text_letter_spacing=\u00bb-1px\u00bb]<\/p>\n<p><strong>Bernardo Jasso<br \/> <\/strong><\/p>\n<p>Representante de la mesa manifiesto<\/p>\n<p>[\/et_pb_text][et_pb_blurb title=\u00bbEmail\u00bb use_icon=\u00bbon\u00bb font_icon=\u00bb%%238%%\u00bb icon_color=\u00bb#ffffff\u00bb icon_placement=\u00bbleft\u00bb content_max_width=\u00bb1100px\u00bb _builder_version=\u00bb4.4.0&#8243; header_font=\u00bb|800||on|||||\u00bb header_font_size=\u00bb16px\u00bb header_letter_spacing=\u00bb0.5px\u00bb header_line_height=\u00bb1.7em\u00bb body_font=\u00bbOpen Sans||||||||\u00bb body_line_height=\u00bb2em\u00bb background_color=\u00bb#1f232f\u00bb background_layout=\u00bbdark\u00bb custom_margin=\u00bb39px|||||\u00bb custom_padding=\u00bb|||19px||\u00bb locked=\u00bboff\u00bb]<\/p>\n<h5>comitemanifiesto@admx.mx<\/h5>\n<p>[\/et_pb_blurb][\/et_pb_column][\/et_pb_section][et_pb_section fb_built=\u00bb1&#8243; disabled_on=\u00bboff|off|off\u00bb _builder_version=\u00bb4.4.0&#8243; locked=\u00bboff\u00bb][et_pb_row column_structure=\u00bb1_4,1_4,1_4,1_4&#8243; _builder_version=\u00bb4.4.0&#8243;][et_pb_column type=\u00bb1_4&#8243; _builder_version=\u00bb4.4.0&#8243;][et_pb_testimonial author=\u00bbAlejandro Laviada\u00bb job_title=\u00bbalaviada@admx.mx\u00bb portrait_url=\u00bbhttps:\/\/www.admx.mx\/fabricaweb\/wp-content\/uploads\/2020\/08\/062-Alejandro-Laviada-1.jpg\u00bb quote_icon=\u00bboff\u00bb _builder_version=\u00bb4.4.0&#8243; body_font=\u00bbMontserrat||||\u00bb body_text_color=\u00bb#747d88&#8243; body_font_size=\u00bb16px\u00bb body_line_height=\u00bb1.8em\u00bb use_background_color=\u00bboff\u00bb text_orientation=\u00bbcenter\u00bb animation_style=\u00bbslide\u00bb animation_direction=\u00bbright\u00bb animation_intensity_slide=\u00bb20%\u00bb text_orientation_tablet=\u00bb\u00bb text_orientation_phone=\u00bbcenter\u00bb text_orientation_last_edited=\u00bbon|phone\u00bb locked=\u00bboff\u00bb][\/et_pb_testimonial][\/et_pb_column][et_pb_column type=\u00bb1_4&#8243; _builder_version=\u00bb4.4.0&#8243;][et_pb_testimonial author=\u00bbBernardo Jasso\u00bb job_title=\u00bbbjasso@admx.mx\u00bb portrait_url=\u00bbhttps:\/\/www.admx.mx\/fabricaweb\/wp-content\/uploads\/2020\/07\/Jasso.png\u00bb quote_icon=\u00bboff\u00bb _builder_version=\u00bb4.4.0&#8243; body_font=\u00bbMontserrat||||\u00bb body_text_color=\u00bb#747d88&#8243; body_font_size=\u00bb16px\u00bb body_line_height=\u00bb1.8em\u00bb use_background_color=\u00bboff\u00bb text_orientation=\u00bbcenter\u00bb animation_style=\u00bbslide\u00bb animation_direction=\u00bbright\u00bb animation_intensity_slide=\u00bb20%\u00bb text_orientation_tablet=\u00bb\u00bb text_orientation_phone=\u00bbcenter\u00bb text_orientation_last_edited=\u00bbon|phone\u00bb locked=\u00bboff\u00bb][\/et_pb_testimonial][\/et_pb_column][et_pb_column type=\u00bb1_4&#8243; _builder_version=\u00bb4.4.0&#8243;][et_pb_testimonial author=\u00bbCynthia Mar\u00edn\u00bb job_title=\u00bbcmarin@admx.mx\u00bb portrait_url=\u00bbhttps:\/\/www.admx.mx\/fabricaweb\/wp-content\/uploads\/2020\/08\/057-Cynthia-Mar\u00edn.jpg\u00bb quote_icon=\u00bboff\u00bb _builder_version=\u00bb4.4.0&#8243; body_font=\u00bbMontserrat||||\u00bb body_text_color=\u00bb#747d88&#8243; body_font_size=\u00bb16px\u00bb body_line_height=\u00bb1.8em\u00bb use_background_color=\u00bboff\u00bb text_orientation=\u00bbcenter\u00bb animation_style=\u00bbslide\u00bb animation_direction=\u00bbright\u00bb animation_intensity_slide=\u00bb20%\u00bb text_orientation_tablet=\u00bb\u00bb text_orientation_phone=\u00bbcenter\u00bb text_orientation_last_edited=\u00bbon|phone\u00bb locked=\u00bboff\u00bb][\/et_pb_testimonial][\/et_pb_column][et_pb_column type=\u00bb1_4&#8243; _builder_version=\u00bb4.4.0&#8243;][et_pb_testimonial author=\u00bbH\u00e9ctor Cruz\u00bb job_title=\u00bbhcruz@admx.mx\u00bb portrait_url=\u00bbhttps:\/\/www.admx.mx\/fabricaweb\/wp-content\/uploads\/2020\/08\/115-H\u00e9ctor-Cruz.jpeg\u00bb quote_icon=\u00bboff\u00bb _builder_version=\u00bb4.4.0&#8243; body_font=\u00bbMontserrat||||\u00bb body_text_color=\u00bb#747d88&#8243; body_font_size=\u00bb16px\u00bb body_line_height=\u00bb1.8em\u00bb use_background_color=\u00bboff\u00bb text_orientation=\u00bbcenter\u00bb animation_style=\u00bbslide\u00bb animation_direction=\u00bbright\u00bb animation_intensity_slide=\u00bb20%\u00bb text_orientation_tablet=\u00bb\u00bb text_orientation_phone=\u00bbcenter\u00bb text_orientation_last_edited=\u00bbon|phone\u00bb locked=\u00bboff\u00bb][\/et_pb_testimonial][\/et_pb_column][\/et_pb_row][et_pb_row column_structure=\u00bb1_4,1_4,1_4,1_4&#8243; _builder_version=\u00bb4.4.0&#8243;][et_pb_column type=\u00bb1_4&#8243; _builder_version=\u00bb4.4.0&#8243;][et_pb_testimonial author=\u00bbIsrael Rinc\u00f3n\u00bb job_title=\u00bbirincon@admx.mx\u00bb portrait_url=\u00bbhttps:\/\/www.admx.mx\/fabricaweb\/wp-content\/uploads\/2020\/08\/054-Istael-Rinc\u00f3n.jpeg\u00bb quote_icon=\u00bboff\u00bb _builder_version=\u00bb4.4.0&#8243; body_font=\u00bbMontserrat||||\u00bb body_text_color=\u00bb#747d88&#8243; body_font_size=\u00bb16px\u00bb body_line_height=\u00bb1.8em\u00bb use_background_color=\u00bboff\u00bb text_orientation=\u00bbcenter\u00bb animation_style=\u00bbslide\u00bb animation_direction=\u00bbleft\u00bb animation_intensity_slide=\u00bb20%\u00bb text_orientation_tablet=\u00bb\u00bb text_orientation_phone=\u00bbcenter\u00bb text_orientation_last_edited=\u00bbon|phone\u00bb locked=\u00bboff\u00bb][\/et_pb_testimonial][\/et_pb_column][et_pb_column type=\u00bb1_4&#8243; _builder_version=\u00bb4.4.0&#8243;][et_pb_testimonial author=\u00bbLuis Anaya\u00bb job_title=\u00bblanaya@admx.mx\u00bb portrait_url=\u00bbhttps:\/\/www.admx.mx\/fabricaweb\/wp-content\/uploads\/2020\/08\/091-LUIS-ANAYA.jpg\u00bb quote_icon=\u00bboff\u00bb _builder_version=\u00bb4.4.0&#8243; body_font=\u00bbMontserrat||||\u00bb body_text_color=\u00bb#747d88&#8243; body_font_size=\u00bb16px\u00bb body_line_height=\u00bb1.8em\u00bb use_background_color=\u00bboff\u00bb text_orientation=\u00bbcenter\u00bb animation_style=\u00bbslide\u00bb animation_direction=\u00bbright\u00bb animation_intensity_slide=\u00bb20%\u00bb text_orientation_tablet=\u00bb\u00bb text_orientation_phone=\u00bbcenter\u00bb text_orientation_last_edited=\u00bbon|phone\u00bb locked=\u00bboff\u00bb][\/et_pb_testimonial][\/et_pb_column][et_pb_column type=\u00bb1_4&#8243; _builder_version=\u00bb4.4.0&#8243;][et_pb_testimonial author=\u00bbMauricio Coronado\u00bb job_title=\u00bbmcoronado@admx.mx\u00bb portrait_url=\u00bbhttps:\/\/www.admx.mx\/fabricaweb\/wp-content\/uploads\/2020\/08\/030-Mauricio-Coronado.jpg\u00bb quote_icon=\u00bboff\u00bb _builder_version=\u00bb4.4.0&#8243; body_font=\u00bbMontserrat||||\u00bb body_text_color=\u00bb#747d88&#8243; body_font_size=\u00bb16px\u00bb body_line_height=\u00bb1.8em\u00bb use_background_color=\u00bboff\u00bb text_orientation=\u00bbcenter\u00bb animation_style=\u00bbslide\u00bb animation_direction=\u00bbleft\u00bb animation_intensity_slide=\u00bb20%\u00bb text_orientation_tablet=\u00bb\u00bb text_orientation_phone=\u00bbcenter\u00bb text_orientation_last_edited=\u00bbon|phone\u00bb locked=\u00bboff\u00bb][\/et_pb_testimonial][\/et_pb_column][et_pb_column type=\u00bb1_4&#8243; _builder_version=\u00bb4.4.0&#8243;][et_pb_testimonial author=\u00bbPaco Llaca\u00bb job_title=\u00bbpllaca@admx.mx\u00bb portrait_url=\u00bbhttps:\/\/www.admx.mx\/fabricaweb\/wp-content\/uploads\/2020\/08\/082-Paco-Llaca-2.jpeg\u00bb quote_icon=\u00bboff\u00bb _builder_version=\u00bb4.4.0&#8243; body_font=\u00bbMontserrat||||\u00bb body_text_color=\u00bb#747d88&#8243; body_font_size=\u00bb16px\u00bb body_line_height=\u00bb1.8em\u00bb use_background_color=\u00bboff\u00bb text_orientation=\u00bbcenter\u00bb animation_style=\u00bbslide\u00bb animation_direction=\u00bbright\u00bb animation_intensity_slide=\u00bb20%\u00bb text_orientation_tablet=\u00bb\u00bb text_orientation_phone=\u00bbcenter\u00bb text_orientation_last_edited=\u00bbon|phone\u00bb locked=\u00bboff\u00bb][\/et_pb_testimonial][\/et_pb_column][\/et_pb_row][et_pb_row column_structure=\u00bb1_4,1_4,1_4,1_4&#8243; _builder_version=\u00bb4.4.0&#8243;][et_pb_column type=\u00bb1_4&#8243; _builder_version=\u00bb4.4.0&#8243;][et_pb_testimonial author=\u00bbAndrea Castillo\u00bb job_title=\u00bbacastillo@admx.mx\u00bb portrait_url=\u00bbhttps:\/\/www.admx.mx\/fabricaweb\/wp-content\/uploads\/2020\/08\/007-Andrea-Castillo-1.jpeg\u00bb quote_icon=\u00bboff\u00bb _builder_version=\u00bb4.4.0&#8243; body_font=\u00bbMontserrat||||\u00bb body_text_color=\u00bb#747d88&#8243; body_font_size=\u00bb16px\u00bb body_line_height=\u00bb1.8em\u00bb use_background_color=\u00bboff\u00bb text_orientation=\u00bbcenter\u00bb animation_style=\u00bbslide\u00bb animation_direction=\u00bbright\u00bb animation_intensity_slide=\u00bb20%\u00bb hover_enabled=\u00bb0&#8243; text_orientation_tablet=\u00bb\u00bb text_orientation_phone=\u00bbcenter\u00bb text_orientation_last_edited=\u00bbon|phone\u00bb locked=\u00bboff\u00bb][\/et_pb_testimonial][\/et_pb_column][et_pb_column type=\u00bb1_4&#8243; _builder_version=\u00bb4.4.0&#8243;][et_pb_testimonial author=\u00bbKhucame\u00bb job_title=\u00bbkhucame@admx.mx\u00bb portrait_url=\u00bbhttps:\/\/www.admx.mx\/fabricaweb\/wp-content\/uploads\/2020\/08\/029-Khucame-Morales.png\u00bb quote_icon=\u00bboff\u00bb _builder_version=\u00bb4.4.0&#8243; body_font=\u00bbMontserrat||||\u00bb body_text_color=\u00bb#747d88&#8243; body_font_size=\u00bb16px\u00bb body_line_height=\u00bb1.8em\u00bb use_background_color=\u00bboff\u00bb text_orientation=\u00bbcenter\u00bb animation_style=\u00bbslide\u00bb animation_direction=\u00bbright\u00bb animation_intensity_slide=\u00bb20%\u00bb text_orientation_tablet=\u00bb\u00bb text_orientation_phone=\u00bbcenter\u00bb text_orientation_last_edited=\u00bbon|phone\u00bb locked=\u00bboff\u00bb][\/et_pb_testimonial][\/et_pb_column][et_pb_column type=\u00bb1_4&#8243; _builder_version=\u00bb4.4.0&#8243;][et_pb_testimonial author=\u00bbEduardo Negrete\u00bb job_title=\u00bbenegrete@admx.mx\u00bb portrait_url=\u00bbhttps:\/\/www.admx.mx\/fabricaweb\/wp-content\/uploads\/2020\/08\/027-Eduardo-NEgrete-scaled.jpg\u00bb quote_icon=\u00bboff\u00bb _builder_version=\u00bb4.4.0&#8243; body_font=\u00bbMontserrat||||\u00bb body_text_color=\u00bb#747d88&#8243; body_font_size=\u00bb16px\u00bb body_line_height=\u00bb1.8em\u00bb use_background_color=\u00bboff\u00bb text_orientation=\u00bbcenter\u00bb animation_style=\u00bbslide\u00bb animation_direction=\u00bbleft\u00bb animation_intensity_slide=\u00bb20%\u00bb text_orientation_tablet=\u00bb\u00bb text_orientation_phone=\u00bbcenter\u00bb text_orientation_last_edited=\u00bbon|phone\u00bb locked=\u00bboff\u00bb][\/et_pb_testimonial][\/et_pb_column][et_pb_column type=\u00bb1_4&#8243; _builder_version=\u00bb4.4.0&#8243;][et_pb_testimonial author=\u00bbOmar Rangel\u00bb job_title=\u00bborangel@admx.mx\u00bb portrait_url=\u00bbhttps:\/\/www.admx.mx\/fabricaweb\/wp-content\/uploads\/2020\/08\/051-Omar-Rangel.jpg\u00bb quote_icon=\u00bboff\u00bb _builder_version=\u00bb4.4.0&#8243; body_font=\u00bbMontserrat||||\u00bb body_text_color=\u00bb#747d88&#8243; body_font_size=\u00bb16px\u00bb body_line_height=\u00bb1.8em\u00bb use_background_color=\u00bboff\u00bb text_orientation=\u00bbcenter\u00bb animation_style=\u00bbslide\u00bb animation_direction=\u00bbright\u00bb animation_intensity_slide=\u00bb20%\u00bb text_orientation_tablet=\u00bb\u00bb text_orientation_phone=\u00bbcenter\u00bb text_orientation_last_edited=\u00bbon|phone\u00bb locked=\u00bboff\u00bb][\/et_pb_testimonial][\/et_pb_column][\/et_pb_row][et_pb_row column_structure=\u00bb1_4,1_4,1_4,1_4&#8243; _builder_version=\u00bb4.4.0&#8243;][et_pb_column type=\u00bb1_4&#8243; _builder_version=\u00bb4.4.0&#8243;][et_pb_testimonial author=\u00bbSandra Mayersten\u00bb job_title=\u00bbsmayerstein@admx.mx\u00bb portrait_url=\u00bbhttps:\/\/www.admx.mx\/fabricaweb\/wp-content\/uploads\/2020\/08\/049-SANDRA-MAYERSTEIN.jpg\u00bb quote_icon=\u00bboff\u00bb _builder_version=\u00bb4.4.0&#8243; body_font=\u00bbMontserrat||||\u00bb body_text_color=\u00bb#747d88&#8243; body_font_size=\u00bb16px\u00bb body_line_height=\u00bb1.8em\u00bb use_background_color=\u00bboff\u00bb text_orientation=\u00bbcenter\u00bb animation_style=\u00bbslide\u00bb animation_direction=\u00bbright\u00bb animation_intensity_slide=\u00bb20%\u00bb text_orientation_tablet=\u00bb\u00bb text_orientation_phone=\u00bbcenter\u00bb text_orientation_last_edited=\u00bbon|phone\u00bb locked=\u00bboff\u00bb][\/et_pb_testimonial][\/et_pb_column][et_pb_column type=\u00bb1_4&#8243; _builder_version=\u00bb4.4.0&#8243;][et_pb_testimonial author=\u00bbTelma Silva\u00bb job_title=\u00bbtsilva@admx.mx\u00bb portrait_url=\u00bbhttps:\/\/www.admx.mx\/fabricaweb\/wp-content\/uploads\/2020\/08\/021-Telma-Silva.jpeg\u00bb quote_icon=\u00bboff\u00bb _builder_version=\u00bb4.4.0&#8243; body_font=\u00bbMontserrat||||\u00bb body_text_color=\u00bb#747d88&#8243; body_font_size=\u00bb16px\u00bb body_line_height=\u00bb1.8em\u00bb use_background_color=\u00bboff\u00bb text_orientation=\u00bbcenter\u00bb animation_style=\u00bbslide\u00bb animation_direction=\u00bbright\u00bb animation_intensity_slide=\u00bb20%\u00bb text_orientation_tablet=\u00bb\u00bb text_orientation_phone=\u00bbcenter\u00bb text_orientation_last_edited=\u00bbon|phone\u00bb locked=\u00bboff\u00bb][\/et_pb_testimonial][\/et_pb_column][et_pb_column type=\u00bb1_4&#8243; _builder_version=\u00bb4.4.0&#8243;][et_pb_testimonial author=\u00bbPilar Varela\u00bb job_title=\u00bbpvarela@admx.mx\u00bb portrait_url=\u00bbhttps:\/\/www.admx.mx\/fabricaweb\/wp-content\/uploads\/2020\/08\/066-Pilar-Varela-.png\u00bb quote_icon=\u00bboff\u00bb _builder_version=\u00bb4.4.0&#8243; body_font=\u00bbMontserrat||||\u00bb body_text_color=\u00bb#747d88&#8243; body_font_size=\u00bb16px\u00bb body_line_height=\u00bb1.8em\u00bb use_background_color=\u00bboff\u00bb text_orientation=\u00bbcenter\u00bb animation_style=\u00bbslide\u00bb animation_direction=\u00bbleft\u00bb animation_intensity_slide=\u00bb20%\u00bb text_orientation_tablet=\u00bb\u00bb text_orientation_phone=\u00bbcenter\u00bb text_orientation_last_edited=\u00bbon|phone\u00bb locked=\u00bboff\u00bb][\/et_pb_testimonial][\/et_pb_column][et_pb_column type=\u00bb1_4&#8243; _builder_version=\u00bb4.4.0&#8243;][et_pb_testimonial author=\u00bbVivian Brown\u00bb job_title=\u00bbvbrown@admx.mx\u00bb portrait_url=\u00bbhttps:\/\/www.admx.mx\/fabricaweb\/wp-content\/uploads\/2020\/07\/Vivian.png\u00bb quote_icon=\u00bboff\u00bb _builder_version=\u00bb4.4.0&#8243; body_font=\u00bbMontserrat||||\u00bb body_text_color=\u00bb#747d88&#8243; body_font_size=\u00bb16px\u00bb body_line_height=\u00bb1.8em\u00bb use_background_color=\u00bboff\u00bb text_orientation=\u00bbcenter\u00bb animation_style=\u00bbslide\u00bb animation_direction=\u00bbright\u00bb animation_intensity_slide=\u00bb20%\u00bb text_orientation_tablet=\u00bb\u00bb text_orientation_phone=\u00bbcenter\u00bb text_orientation_last_edited=\u00bbon|phone\u00bb locked=\u00bboff\u00bb][\/et_pb_testimonial][\/et_pb_column][\/et_pb_row][et_pb_row column_structure=\u00bb1_4,1_4,1_4,1_4&#8243; _builder_version=\u00bb4.4.0&#8243;][et_pb_column type=\u00bb1_4&#8243; _builder_version=\u00bb4.4.0&#8243;][et_pb_testimonial author=\u00bbSarah\u00ed Mar\u00edn\u00bb job_title=\u00bbsmarin@admx.mx\u00bb portrait_url=\u00bbhttps:\/\/www.admx.mx\/fabricaweb\/wp-content\/uploads\/2020\/08\/081-Sarah-Mar\u00edn.jpeg\u00bb quote_icon=\u00bboff\u00bb _builder_version=\u00bb4.4.0&#8243; body_font=\u00bbMontserrat||||\u00bb body_text_color=\u00bb#747d88&#8243; body_font_size=\u00bb16px\u00bb body_line_height=\u00bb1.8em\u00bb use_background_color=\u00bboff\u00bb text_orientation=\u00bbcenter\u00bb animation_style=\u00bbslide\u00bb animation_direction=\u00bbright\u00bb animation_intensity_slide=\u00bb20%\u00bb text_orientation_tablet=\u00bb\u00bb text_orientation_phone=\u00bbcenter\u00bb text_orientation_last_edited=\u00bbon|phone\u00bb locked=\u00bboff\u00bb][\/et_pb_testimonial][\/et_pb_column][et_pb_column type=\u00bb1_4&#8243; _builder_version=\u00bb4.4.0&#8243;][et_pb_testimonial author=\u00bbMontserrat Villanueva\u00bb job_title=\u00bbmvillanueva@admx.mx\u00bb portrait_url=\u00bbhttps:\/\/www.admx.mx\/fabricaweb\/wp-content\/uploads\/2020\/08\/107-Montserrat-Villanueva-scaled.jpg\u00bb quote_icon=\u00bboff\u00bb _builder_version=\u00bb4.4.0&#8243; body_font=\u00bbMontserrat||||\u00bb body_text_color=\u00bb#747d88&#8243; body_font_size=\u00bb16px\u00bb body_line_height=\u00bb1.8em\u00bb use_background_color=\u00bboff\u00bb text_orientation=\u00bbcenter\u00bb animation_style=\u00bbslide\u00bb animation_direction=\u00bbright\u00bb animation_intensity_slide=\u00bb20%\u00bb text_orientation_tablet=\u00bb\u00bb text_orientation_phone=\u00bbcenter\u00bb text_orientation_last_edited=\u00bbon|phone\u00bb locked=\u00bboff\u00bb][\/et_pb_testimonial][\/et_pb_column][et_pb_column type=\u00bb1_4&#8243; _builder_version=\u00bb4.4.0&#8243;][et_pb_testimonial author=\u00bbMario Arvizu\u00bb job_title=\u00bbmarvizu@admx.mx\u00bb portrait_url=\u00bbhttps:\/\/www.admx.mx\/fabricaweb\/wp-content\/uploads\/2020\/08\/069-Mario-Arvizu-1.jpg\u00bb quote_icon=\u00bboff\u00bb _builder_version=\u00bb4.4.0&#8243; body_font=\u00bbMontserrat||||\u00bb body_text_color=\u00bb#747d88&#8243; body_font_size=\u00bb16px\u00bb body_line_height=\u00bb1.8em\u00bb use_background_color=\u00bboff\u00bb text_orientation=\u00bbcenter\u00bb animation_style=\u00bbslide\u00bb animation_direction=\u00bbright\u00bb animation_intensity_slide=\u00bb20%\u00bb text_orientation_tablet=\u00bb\u00bb text_orientation_phone=\u00bbcenter\u00bb text_orientation_last_edited=\u00bbon|phone\u00bb locked=\u00bboff\u00bb][\/et_pb_testimonial][\/et_pb_column][et_pb_column type=\u00bb1_4&#8243; _builder_version=\u00bb4.4.0&#8243;][et_pb_testimonial author=\u00bbAline Zarazua\u00bb quote_icon=\u00bboff\u00bb _builder_version=\u00bb4.4.0&#8243; body_font=\u00bbMontserrat||||\u00bb body_text_color=\u00bb#747d88&#8243; body_font_size=\u00bb16px\u00bb body_line_height=\u00bb1.8em\u00bb use_background_color=\u00bboff\u00bb text_orientation=\u00bbcenter\u00bb animation_style=\u00bbslide\u00bb animation_direction=\u00bbleft\u00bb animation_intensity_slide=\u00bb20%\u00bb text_orientation_tablet=\u00bb\u00bb text_orientation_phone=\u00bbcenter\u00bb text_orientation_last_edited=\u00bbon|phone\u00bb locked=\u00bboff\u00bb][\/et_pb_testimonial][\/et_pb_column][\/et_pb_row][\/et_pb_section][et_pb_section fb_built=\u00bb1&#8243; admin_label=\u00bbSeparador\u00bb _builder_version=\u00bb4.2.2&#8243; collapsed=\u00bboff\u00bb][et_pb_row _builder_version=\u00bb4.2.2&#8243; collapsed=\u00bbon\u00bb][et_pb_column type=\u00bb4_4&#8243; _builder_version=\u00bb4.2.2&#8243;][et_pb_divider _builder_version=\u00bb4.2.2&#8243;][\/et_pb_divider][\/et_pb_column][\/et_pb_row][\/et_pb_section]<\/p>\n","protected":false},"excerpt":{"rendered":"<p>MESA MANIFIESTOOBJETIVOSBuscamos crear un documento manifiesto que represente la postura y los lineamientos para el gremio de ADSMEX, tomando en cuenta los siguientes puntos: &nbsp; Trabajo bajo contrato Pago justo y puntual Jornadas de trabajo dignas Ambiente seguro e \u00edntegro Respeto e igualdad Capacitaci\u00f3n y profesionalizaci\u00f3n Compromiso y transparencia PROYECTOS EN CURSO Elaboraci\u00f3n de manifiesto [&hellip;]<\/p>\n","protected":false},"author":4,"featured_media":0,"parent":0,"menu_order":0,"comment_status":"closed","ping_status":"closed","template":"","meta":{"_et_pb_use_builder":"on","_et_pb_old_content":"","_et_gb_content_width":"","footnotes":""},"class_list":["post-1018","page","type-page","status-publish","hentry"],"_links":{"self":[{"href":"https:\/\/www.admx.mx\/index.php?rest_route=\/wp\/v2\/pages\/1018","targetHints":{"allow":["GET"]}}],"collection":[{"href":"https:\/\/www.admx.mx\/index.php?rest_route=\/wp\/v2\/pages"}],"about":[{"href":"https:\/\/www.admx.mx\/index.php?rest_route=\/wp\/v2\/types\/page"}],"author":[{"embeddable":true,"href":"https:\/\/www.admx.mx\/index.php?rest_route=\/wp\/v2\/users\/4"}],"replies":[{"embeddable":true,"href":"https:\/\/www.admx.mx\/index.php?rest_route=%2Fwp%2Fv2%2Fcomments&post=1018"}],"version-history":[{"count":10,"href":"https:\/\/www.admx.mx\/index.php?rest_route=\/wp\/v2\/pages\/1018\/revisions"}],"predecessor-version":[{"id":1742,"href":"https:\/\/www.admx.mx\/index.php?rest_route=\/wp\/v2\/pages\/1018\/revisions\/1742"}],"wp:attachment":[{"href":"https:\/\/www.admx.mx\/index.php?rest_route=%2Fwp%2Fv2%2Fmedia&parent=1018"}],"curies":[{"name":"wp","href":"https:\/\/api.w.org\/{rel}","templated":true}]}}